{"id":4739,"date":"2026-03-05T22:26:10","date_gmt":"2026-03-05T22:26:10","guid":{"rendered":"https:\/\/reillymixentertainment.com\/?page_id=4739"},"modified":"2026-03-05T22:27:02","modified_gmt":"2026-03-05T22:27:02","slug":"led-robot","status":"publish","type":"page","link":"https:\/\/reillymixentertainment.com\/es\/led-robot\/","title":{"rendered":"Led Robot"},"content":{"rendered":"<div class=\"nfd-container nfd-pt-lg nfd-wb-hero__hero-22 is-style-nfd-theme-white wp-block-group is-layout-constrained wp-block-group-is-layout-constrained\">\n<div class=\"wp-block-group is-layout-constrained wp-block-group-is-layout-constrained\">\n<div class=\"wp-block-group is-vertical is-layout-flex wp-container-core-group-is-layout-fe9cc265 wp-block-group-is-layout-flex\">\n<h1 class=\"nfd-text-xl nfd-text-contrast nfd-text-balance wp-block-heading has-text-align-center\" id=\"h-led-robot\" style=\"font-style:normal;font-weight:600\">LED <strong>ROBOT<\/strong><\/h1>\n<\/div>\n\n\n\n<figure class=\"wp-block-image size-full\"><img data-recalc-dims=\"1\" loading=\"lazy\" decoding=\"async\" width=\"1024\" height=\"768\" src=\"https:\/\/i0.wp.com\/reillymixentertainment.com\/wp-content\/uploads\/2026\/01\/led-robot.jpg?resize=1024%2C768&#038;ssl=1\" alt=\"\" class=\"wp-image-4184\" srcset=\"https:\/\/i0.wp.com\/reillymixentertainment.com\/wp-content\/uploads\/2026\/01\/led-robot.jpg?w=1024&amp;ssl=1 1024w, https:\/\/i0.wp.com\/reillymixentertainment.com\/wp-content\/uploads\/2026\/01\/led-robot.jpg?resize=300%2C225&amp;ssl=1 300w, https:\/\/i0.wp.com\/reillymixentertainment.com\/wp-content\/uploads\/2026\/01\/led-robot.jpg?resize=768%2C576&amp;ssl=1 768w, https:\/\/i0.wp.com\/reillymixentertainment.com\/wp-content\/uploads\/2026\/01\/led-robot.jpg?resize=16%2C12&amp;ssl=1 16w, https:\/\/i0.wp.com\/reillymixentertainment.com\/wp-content\/uploads\/2026\/01\/led-robot.jpg?resize=500%2C375&amp;ssl=1 500w, https:\/\/i0.wp.com\/reillymixentertainment.com\/wp-content\/uploads\/2026\/01\/led-robot.jpg?resize=800%2C600&amp;ssl=1 800w, https:\/\/i0.wp.com\/reillymixentertainment.com\/wp-content\/uploads\/2026\/01\/led-robot.jpg?resize=600%2C450&amp;ssl=1 600w\" sizes=\"auto, (max-width: 1000px) 100vw, 1000px\" \/><\/figure>\n<\/div>\n<\/div>\n\n\n\n<div class=\"nfd-container nfd-wb-text__text-28 is-style-default wp-block-group has-canvas-background-color has-background is-layout-constrained wp-block-group-is-layout-constrained\">\n<div class=\"nfd-max-w-prose wp-block-group is-layout-constrained wp-block-group-is-layout-constrained\">\n<div style=\"height:1px\" aria-hidden=\"true\" class=\"wp-block-spacer\"><\/div>\n\n\n\n<h3 class=\"wp-block-heading has-text-align-center has-white-color has-luminous-vivid-orange-background-color has-text-color has-background has-link-color wp-elements-318cae6f1bd226bc2b367176817db1bc\" id=\"h-30-minutes-interaction-with-the-crowd-10-to-15-min-picture-time-with-guests-45-min-total\" style=\"border-top-left-radius:20px;border-top-right-radius:20px;border-bottom-left-radius:20px;border-bottom-right-radius:20px\"> 30 minutes interaction with the crowd.\n10 to 15 min picture time with guests\n45 min total.<\/h3>\n\n\n\n<p class=\"has-text-align-center has-button-color has-text-color has-link-color wp-elements-d5363762c1b4064d7fc1536e16f1b849\">Nuestro servicio de robot LED es un espect\u00e1culo de 30 minutos en el que nuestro robot se integra directamente en tu fiesta y anima a tu p\u00fablico al nivel m\u00e1s alto posible. Elija entre 1 o 2 robots para que su evento sea inolvidable.<\/p>\n\n\n\n<h4 class=\"wp-block-heading has-text-align-center has-white-color has-vivid-purple-background-color has-text-color has-background has-link-color wp-elements-5783e6903b297e6413b4b7952343a89d\" id=\"h-what-s-included\">\u00bfQu\u00e9 incluye?<\/h4>\n\n\n\n<ul style=\"border-top-left-radius:11px;border-top-right-radius:11px;border-bottom-left-radius:11px;border-bottom-right-radius:11px\" class=\"wp-block-list has-buttontext-background-color has-background\">\n<li class=\"\"><strong>Un asistente amigable<\/strong><\/li>\n\n\n\n<li class=\"\">(for safety purposes)<\/li>\n\n\n\n<li class=\"\"><strong>1 o 2 Robot de Luces<\/strong><\/li>\n\n\n\n<li class=\"\"><strong>150 art\u00edculos de fiesta regalados para la multitud.<\/strong><\/li>\n\n\n\n<li class=\"\"><strong>(led sticks hats colorful glasses and fun props<\/strong><\/li>\n<\/ul>\n<\/div>\n\n\n\n<div style=\"height:100px\" aria-hidden=\"true\" class=\"wp-block-spacer\"><\/div>\n<\/div>\n\n\n\n<div class=\"nfd-container nfd-p-md nfd-wb-call-to-action__cta-21 is-style-nfd-dots-bottom-right wp-block-group is-layout-constrained wp-block-group-is-layout-constrained\">\n<div class=\"nfd-p-card-md nfd-gap-xl nfd-shadow-xs  nfd-rounded is-style-nfd-theme-white wp-block-group is-content-justification-space-between is-layout-flex wp-container-core-group-is-layout-9366075c wp-block-group-is-layout-flex\">\n<div class=\"nfd-gap-md wp-block-group is-layout-flex wp-block-group-is-layout-flex\">\n<figure class=\"is-style-rounded wp-block-image size-full is-resized\"><img data-recalc-dims=\"1\" loading=\"lazy\" decoding=\"async\" width=\"128\" height=\"128\" src=\"https:\/\/i0.wp.com\/reillymixentertainment.com\/wp-content\/uploads\/2022\/11\/dj-2.png?resize=128%2C128&#038;ssl=1\" alt=\"\" class=\"wp-image-47\" style=\"object-fit:cover;width:60px;height:60px\"\/><\/figure>\n\n\n\n<div class=\"nfd-gap-0 wp-block-group is-vertical is-layout-flex wp-container-core-group-is-layout-fe9cc265 wp-block-group-is-layout-flex\">\n<p class=\"nfd-text-md\" style=\"font-style:normal;font-weight:600\">Have additional inquiries?<\/p>\n\n\n\n<p class=\"nfd-text-base nfd-text-faded\">Call us for more information<\/p>\n<\/div>\n<\/div>\n\n\n\n<div class=\"wp-block-buttons is-layout-flex wp-block-buttons-is-layout-flex\">\n<div class=\"nfd-btn-wide  wp-block-button\"><a class=\"wp-block-button__link wp-element-button\" href=\"tel:12144316558\">CALL NOW<\/a><\/div>\n<\/div>\n<\/div>\n<\/div>","protected":false},"excerpt":{"rendered":"<p>LED ROBOT 30 minutes interaction with the crowd. 10 to 15 min picture time with&hellip;<\/p>","protected":false},"author":1,"featured_media":0,"parent":0,"menu_order":0,"comment_status":"closed","ping_status":"closed","template":"page-builder-template","meta":{"nf_dc_page":"","_monsterinsights_skip_tracking":false,"_monsterinsights_sitenote_active":false,"_monsterinsights_sitenote_note":"","_monsterinsights_sitenote_category":0,"_vp_format_video_url":"","_vp_image_focal_point":[],"footnotes":""},"class_list":["post-4739","page","type-page","status-publish","hentry"],"featured_image":{"thumbnail":false,"medium":false,"medium_large":false,"large":false},"yoast_head":"<!-- This site is optimized with the Yoast SEO plugin v27.4 - https:\/\/yoast.com\/product\/yoast-seo-wordpress\/ -->\n<title>Led Robot - Reilly Mix Entertainment<\/title>\n<meta name=\"robots\" content=\"index, follow, max-snippet:-1, max-image-preview:large, max-video-preview:-1\" \/>\n<link rel=\"canonical\" href=\"https:\/\/reillymixentertainment.com\/es\/led-robot\/\" \/>\n<meta property=\"og:locale\" content=\"es_MX\" \/>\n<meta property=\"og:type\" content=\"article\" \/>\n<meta property=\"og:title\" content=\"Led Robot - Reilly Mix Entertainment\" \/>\n<meta property=\"og:description\" content=\"LED ROBOT 30 minutes interaction with the crowd. 10 to 15 min picture time with&hellip;\" \/>\n<meta property=\"og:url\" content=\"https:\/\/reillymixentertainment.com\/es\/led-robot\/\" \/>\n<meta property=\"og:site_name\" content=\"Reilly Mix Entertainment\" \/>\n<meta property=\"article:modified_time\" content=\"2026-03-05T22:27:02+00:00\" \/>\n<meta property=\"og:image\" content=\"https:\/\/reillymixentertainment.com\/wp-content\/uploads\/2026\/01\/led-robot.jpg\" \/>\n<meta name=\"twitter:card\" content=\"summary_large_image\" \/>\n<meta name=\"twitter:label1\" content=\"Tiempo de lectura\" \/>\n\t<meta name=\"twitter:data1\" content=\"1 minuto\" \/>\n<script type=\"application\/ld+json\" class=\"yoast-schema-graph\">{\"@context\":\"https:\\\/\\\/schema.org\",\"@graph\":[{\"@type\":\"WebPage\",\"@id\":\"https:\\\/\\\/reillymixentertainment.com\\\/led-robot\\\/\",\"url\":\"https:\\\/\\\/reillymixentertainment.com\\\/led-robot\\\/\",\"name\":\"Led Robot - Reilly Mix Entertainment\",\"isPartOf\":{\"@id\":\"https:\\\/\\\/reillymixentertainment.com\\\/#website\"},\"primaryImageOfPage\":{\"@id\":\"https:\\\/\\\/reillymixentertainment.com\\\/led-robot\\\/#primaryimage\"},\"image\":{\"@id\":\"https:\\\/\\\/reillymixentertainment.com\\\/led-robot\\\/#primaryimage\"},\"thumbnailUrl\":\"https:\\\/\\\/reillymixentertainment.com\\\/wp-content\\\/uploads\\\/2026\\\/01\\\/led-robot.jpg\",\"datePublished\":\"2026-03-05T22:26:10+00:00\",\"dateModified\":\"2026-03-05T22:27:02+00:00\",\"breadcrumb\":{\"@id\":\"https:\\\/\\\/reillymixentertainment.com\\\/led-robot\\\/#breadcrumb\"},\"inLanguage\":\"es\",\"potentialAction\":[{\"@type\":\"ReadAction\",\"target\":[\"https:\\\/\\\/reillymixentertainment.com\\\/led-robot\\\/\"]}]},{\"@type\":\"ImageObject\",\"inLanguage\":\"es\",\"@id\":\"https:\\\/\\\/reillymixentertainment.com\\\/led-robot\\\/#primaryimage\",\"url\":\"https:\\\/\\\/reillymixentertainment.com\\\/wp-content\\\/uploads\\\/2026\\\/01\\\/led-robot.jpg\",\"contentUrl\":\"https:\\\/\\\/reillymixentertainment.com\\\/wp-content\\\/uploads\\\/2026\\\/01\\\/led-robot.jpg\"},{\"@type\":\"BreadcrumbList\",\"@id\":\"https:\\\/\\\/reillymixentertainment.com\\\/led-robot\\\/#breadcrumb\",\"itemListElement\":[{\"@type\":\"ListItem\",\"position\":1,\"name\":\"Home\",\"item\":\"https:\\\/\\\/reillymixentertainment.com\\\/\"},{\"@type\":\"ListItem\",\"position\":2,\"name\":\"Led Robot\"}]},{\"@type\":\"WebSite\",\"@id\":\"https:\\\/\\\/reillymixentertainment.com\\\/#website\",\"url\":\"https:\\\/\\\/reillymixentertainment.com\\\/\",\"name\":\"Reilly Mix Entertainment\",\"description\":\"Night Clubs | Social Events | Equipment Rental\",\"publisher\":{\"@id\":\"https:\\\/\\\/reillymixentertainment.com\\\/#\\\/schema\\\/person\\\/049c288476f27f6456ab583d8f501379\"},\"potentialAction\":[{\"@type\":\"SearchAction\",\"target\":{\"@type\":\"EntryPoint\",\"urlTemplate\":\"https:\\\/\\\/reillymixentertainment.com\\\/?s={search_term_string}\"},\"query-input\":{\"@type\":\"PropertyValueSpecification\",\"valueRequired\":true,\"valueName\":\"search_term_string\"}}],\"inLanguage\":\"es\"},{\"@type\":[\"Person\",\"Organization\"],\"@id\":\"https:\\\/\\\/reillymixentertainment.com\\\/#\\\/schema\\\/person\\\/049c288476f27f6456ab583d8f501379\",\"name\":\"reillymixentertainment\",\"image\":{\"@type\":\"ImageObject\",\"inLanguage\":\"es\",\"@id\":\"https:\\\/\\\/i0.wp.com\\\/reillymixentertainment.com\\\/wp-content\\\/uploads\\\/2022\\\/10\\\/LOGO-WEB.png?fit=768%2C450&ssl=1\",\"url\":\"https:\\\/\\\/i0.wp.com\\\/reillymixentertainment.com\\\/wp-content\\\/uploads\\\/2022\\\/10\\\/LOGO-WEB.png?fit=768%2C450&ssl=1\",\"contentUrl\":\"https:\\\/\\\/i0.wp.com\\\/reillymixentertainment.com\\\/wp-content\\\/uploads\\\/2022\\\/10\\\/LOGO-WEB.png?fit=768%2C450&ssl=1\",\"width\":768,\"height\":450,\"caption\":\"reillymixentertainment\"},\"logo\":{\"@id\":\"https:\\\/\\\/i0.wp.com\\\/reillymixentertainment.com\\\/wp-content\\\/uploads\\\/2022\\\/10\\\/LOGO-WEB.png?fit=768%2C450&ssl=1\"}}]}<\/script>\n<!-- \/ Yoast SEO plugin. -->","yoast_head_json":{"title":"Led Robot - Reilly Mix Entertainment","robots":{"index":"index","follow":"follow","max-snippet":"max-snippet:-1","max-image-preview":"max-image-preview:large","max-video-preview":"max-video-preview:-1"},"canonical":"https:\/\/reillymixentertainment.com\/es\/led-robot\/","og_locale":"es_MX","og_type":"article","og_title":"Led Robot - Reilly Mix Entertainment","og_description":"LED ROBOT 30 minutes interaction with the crowd. 10 to 15 min picture time with&hellip;","og_url":"https:\/\/reillymixentertainment.com\/es\/led-robot\/","og_site_name":"Reilly Mix Entertainment","article_modified_time":"2026-03-05T22:27:02+00:00","og_image":[{"url":"https:\/\/reillymixentertainment.com\/wp-content\/uploads\/2026\/01\/led-robot.jpg","type":"","width":"","height":""}],"twitter_card":"summary_large_image","twitter_misc":{"Tiempo de lectura":"1 minuto"},"schema":{"@context":"https:\/\/schema.org","@graph":[{"@type":"WebPage","@id":"https:\/\/reillymixentertainment.com\/led-robot\/","url":"https:\/\/reillymixentertainment.com\/led-robot\/","name":"Led Robot - Reilly Mix Entertainment","isPartOf":{"@id":"https:\/\/reillymixentertainment.com\/#website"},"primaryImageOfPage":{"@id":"https:\/\/reillymixentertainment.com\/led-robot\/#primaryimage"},"image":{"@id":"https:\/\/reillymixentertainment.com\/led-robot\/#primaryimage"},"thumbnailUrl":"https:\/\/reillymixentertainment.com\/wp-content\/uploads\/2026\/01\/led-robot.jpg","datePublished":"2026-03-05T22:26:10+00:00","dateModified":"2026-03-05T22:27:02+00:00","breadcrumb":{"@id":"https:\/\/reillymixentertainment.com\/led-robot\/#breadcrumb"},"inLanguage":"es","potentialAction":[{"@type":"ReadAction","target":["https:\/\/reillymixentertainment.com\/led-robot\/"]}]},{"@type":"ImageObject","inLanguage":"es","@id":"https:\/\/reillymixentertainment.com\/led-robot\/#primaryimage","url":"https:\/\/reillymixentertainment.com\/wp-content\/uploads\/2026\/01\/led-robot.jpg","contentUrl":"https:\/\/reillymixentertainment.com\/wp-content\/uploads\/2026\/01\/led-robot.jpg"},{"@type":"BreadcrumbList","@id":"https:\/\/reillymixentertainment.com\/led-robot\/#breadcrumb","itemListElement":[{"@type":"ListItem","position":1,"name":"Home","item":"https:\/\/reillymixentertainment.com\/"},{"@type":"ListItem","position":2,"name":"Led Robot"}]},{"@type":"WebSite","@id":"https:\/\/reillymixentertainment.com\/#website","url":"https:\/\/reillymixentertainment.com\/","name":"Reilly Mix Entertainment","description":"Night Clubs | Social Events | Equipment Rental","publisher":{"@id":"https:\/\/reillymixentertainment.com\/#\/schema\/person\/049c288476f27f6456ab583d8f501379"},"potentialAction":[{"@type":"SearchAction","target":{"@type":"EntryPoint","urlTemplate":"https:\/\/reillymixentertainment.com\/?s={search_term_string}"},"query-input":{"@type":"PropertyValueSpecification","valueRequired":true,"valueName":"search_term_string"}}],"inLanguage":"es"},{"@type":["Person","Organization"],"@id":"https:\/\/reillymixentertainment.com\/#\/schema\/person\/049c288476f27f6456ab583d8f501379","name":"reillymixentertainment","image":{"@type":"ImageObject","inLanguage":"es","@id":"https:\/\/i0.wp.com\/reillymixentertainment.com\/wp-content\/uploads\/2022\/10\/LOGO-WEB.png?fit=768%2C450&ssl=1","url":"https:\/\/i0.wp.com\/reillymixentertainment.com\/wp-content\/uploads\/2022\/10\/LOGO-WEB.png?fit=768%2C450&ssl=1","contentUrl":"https:\/\/i0.wp.com\/reillymixentertainment.com\/wp-content\/uploads\/2022\/10\/LOGO-WEB.png?fit=768%2C450&ssl=1","width":768,"height":450,"caption":"reillymixentertainment"},"logo":{"@id":"https:\/\/i0.wp.com\/reillymixentertainment.com\/wp-content\/uploads\/2022\/10\/LOGO-WEB.png?fit=768%2C450&ssl=1"}}]}},"jetpack_sharing_enabled":true,"_links":{"self":[{"href":"https:\/\/reillymixentertainment.com\/es\/wp-json\/wp\/v2\/pages\/4739","targetHints":{"allow":["GET"]}}],"collection":[{"href":"https:\/\/reillymixentertainment.com\/es\/wp-json\/wp\/v2\/pages"}],"about":[{"href":"https:\/\/reillymixentertainment.com\/es\/wp-json\/wp\/v2\/types\/page"}],"author":[{"embeddable":true,"href":"https:\/\/reillymixentertainment.com\/es\/wp-json\/wp\/v2\/users\/1"}],"replies":[{"embeddable":true,"href":"https:\/\/reillymixentertainment.com\/es\/wp-json\/wp\/v2\/comments?post=4739"}],"version-history":[{"count":4,"href":"https:\/\/reillymixentertainment.com\/es\/wp-json\/wp\/v2\/pages\/4739\/revisions"}],"predecessor-version":[{"id":4744,"href":"https:\/\/reillymixentertainment.com\/es\/wp-json\/wp\/v2\/pages\/4739\/revisions\/4744"}],"wp:attachment":[{"href":"https:\/\/reillymixentertainment.com\/es\/wp-json\/wp\/v2\/media?parent=4739"}],"curies":[{"name":"wp","href":"https:\/\/api.w.org\/{rel}","templated":true}]}}