{"id":4629,"date":"2026-03-04T22:42:11","date_gmt":"2026-03-04T22:42:11","guid":{"rendered":"https:\/\/reillymixentertainment.com\/?page_id=4629"},"modified":"2026-03-04T23:27:21","modified_gmt":"2026-03-04T23:27:21","slug":"michelada-bar-bloody-marry","status":"publish","type":"page","link":"https:\/\/reillymixentertainment.com\/es\/michelada-bar-bloody-marry\/","title":{"rendered":"MICHELADA BAR   Bloody Marry"},"content":{"rendered":"<div class=\"nfd-container nfd-pt-lg nfd-wb-hero__hero-22 is-style-nfd-theme-white wp-block-group is-layout-constrained wp-block-group-is-layout-constrained\">\n<div class=\"wp-block-group is-layout-constrained wp-block-group-is-layout-constrained\">\n<div class=\"wp-block-group is-vertical is-content-justification-center is-layout-flex wp-container-core-group-is-layout-ce155fab wp-block-group-is-layout-flex\">\n<h1 class=\"nfd-text-xl nfd-text-contrast nfd-text-balance wp-block-heading has-text-align-center\" id=\"h-michelada-bar-bloody-marry\" style=\"font-style:normal;font-weight:600\">MICHELADA BAR Bloody Marry<\/h1>\n<\/div>\n\n\n\n<figure class=\"wp-block-image aligncenter\"><img data-recalc-dims=\"1\" loading=\"lazy\" decoding=\"async\" width=\"1024\" height=\"768\" src=\"https:\/\/i0.wp.com\/reillymixentertainment.com\/wp-content\/uploads\/2026\/02\/michelada.jpg?resize=1024%2C768&#038;ssl=1\" alt=\"\" class=\"wp-image-4169\" srcset=\"https:\/\/i0.wp.com\/reillymixentertainment.com\/wp-content\/uploads\/2026\/02\/michelada.jpg?w=1024&amp;ssl=1 1024w, https:\/\/i0.wp.com\/reillymixentertainment.com\/wp-content\/uploads\/2026\/02\/michelada.jpg?resize=300%2C225&amp;ssl=1 300w, https:\/\/i0.wp.com\/reillymixentertainment.com\/wp-content\/uploads\/2026\/02\/michelada.jpg?resize=768%2C576&amp;ssl=1 768w, https:\/\/i0.wp.com\/reillymixentertainment.com\/wp-content\/uploads\/2026\/02\/michelada.jpg?resize=16%2C12&amp;ssl=1 16w, https:\/\/i0.wp.com\/reillymixentertainment.com\/wp-content\/uploads\/2026\/02\/michelada.jpg?resize=500%2C375&amp;ssl=1 500w, https:\/\/i0.wp.com\/reillymixentertainment.com\/wp-content\/uploads\/2026\/02\/michelada.jpg?resize=800%2C600&amp;ssl=1 800w, https:\/\/i0.wp.com\/reillymixentertainment.com\/wp-content\/uploads\/2026\/02\/michelada.jpg?resize=600%2C450&amp;ssl=1 600w\" sizes=\"auto, (max-width: 1000px) 100vw, 1000px\" \/><\/figure>\n<\/div>\n<\/div>\n\n\n\n<div class=\"nfd-container nfd-wb-text__text-28 is-style-nfd-dots-bottom-left wp-block-group has-canvas-background-color has-background is-layout-constrained wp-block-group-is-layout-constrained\">\n<div class=\"nfd-max-w-prose wp-block-group is-layout-constrained wp-block-group-is-layout-constrained\">\n<div class=\"wp-block-group is-content-justification-space-between is-layout-flex wp-container-core-group-is-layout-e44e9b1f wp-block-group-is-layout-flex\">\n<div class=\"nfd-gap-md nfd-gap-y-sm wp-block-group wp-container-content-9cfa9a5a is-content-justification-left is-layout-flex wp-container-core-group-is-layout-bc8e6f51 wp-block-group-is-layout-flex\">\n<h3 class=\"nfd-text-lg nfd-text-contrast wp-block-heading\" id=\"h-michelada-bar-or-bloody-mary-bar-rental-is-ideal-for-a-cocktail-hours-or-as-a-gift-for-your-guests\"><strong>Michelada bar or Bloody mary Bar Rental is ideal for a cocktail hours or as a gift for your guests.<\/strong><\/h3>\n<\/div>\n<\/div>\n\n\n\n<p class=\"nfd-gap-sm has-button-color has-vivid-green-cyan-background-color has-text-color has-background has-link-color wp-elements-277a91d72739b54ec74132075dc0b317\" style=\"border-style:none;border-width:0px;border-top-left-radius:16px;border-top-right-radius:16px;border-bottom-left-radius:16px;border-bottom-right-radius:16px\"><strong>Un Bloody Mary es un c\u00f3ctel que contiene vodka, jugo de tomate y otras especias y saborizantes, como salsa Worcestershire, salsas picantes, ajo, hierbas, r\u00e1bano picante, apio, aceitunas, verduras en escabeche, sal, pimienta negra, jugo de lim\u00f3n, jugo de lima y sal de apio. . Algunas versiones de la bebida, como el Bloody Mary \"surf 'n turf\", incluyen camarones y tocino como guarnici\u00f3n. En los Estados Unidos, generalmente se consume por la ma\u00f1ana o temprano en la tarde, y es popular como cura para la resaca.<\/strong><\/p>\n\n\n\n<div style=\"height:1px\" aria-hidden=\"true\" class=\"wp-block-spacer\"><\/div>\n\n\n\n<div class=\"wp-block-group is-content-justification-space-between is-layout-flex wp-container-core-group-is-layout-e44e9b1f wp-block-group-is-layout-flex\">\n<div class=\"nfd-gap-md nfd-gap-y-sm wp-block-group wp-container-content-9cfa9a5a is-content-justification-left is-layout-flex wp-container-core-group-is-layout-bc8e6f51 wp-block-group-is-layout-flex\">\n<h3 class=\"nfd-text-lg nfd-text-contrast wp-block-heading\" id=\"h-there-are-various-theories-as-to-the-origin-of-the-drink-and-its-name-it-has-many-variants-most-notably-the-red-snapper-also-called-bloody-margaret-the-virgin-mary-the-caesar-and-the-michelada\"><strong><strong>Existen varias teor\u00edas sobre el origen de la bebida y su nombre. Tiene muchas variantes, sobre todo el pargo rojo (tambi\u00e9n llamado Bloody Margaret), la Virgen Mar\u00eda, el C\u00e9sar y la Michelada.<\/strong><\/strong><\/h3>\n<\/div>\n<\/div>\n\n\n\n<h2 class=\"nfd-gap-sm wp-block-heading has-white-color has-text-color has-background has-link-color wp-elements-9555d5c20048fea945a4123dec54eb71\" id=\"h-what-is-included\" style=\"border-top-left-radius:16px;border-top-right-radius:16px;border-bottom-left-radius:16px;border-bottom-right-radius:16px;background-color:#4f29f9\"><strong><strong><strong>What is included?<\/strong><\/strong><\/strong><\/h2>\n\n\n\n<h3 class=\"nfd-text-lg nfd-text-contrast wp-block-heading\" id=\"h-m-ichelada-bar-and-background-is-provided-by-our-team-s-ervice-is-provided-by-certified-bartender\">M<strong>ichelada bar and background is provided by our team.<\/strong> S<strong>ervice is provided by certified bartender<\/strong><\/h3>\n\n\n\n<div style=\"height:1px\" aria-hidden=\"true\" class=\"wp-block-spacer\"><\/div>\n\n\n\n<ul style=\"border-top-left-radius:10px;border-top-right-radius:10px;border-bottom-left-radius:10px;border-bottom-right-radius:10px\" class=\"nfd-gap-sm wp-block-list has-button-color has-buttontext-background-color has-text-color has-background has-link-color wp-elements-2ead420d3b5351fb6374546d1c4e84b3\">\n<li class=\"\"><strong>Cherries (2 types)<\/strong><\/li>\n\n\n\n<li class=\"\"><strong>Mix Berries<\/strong><\/li>\n\n\n\n<li class=\"\"><strong>Pineapples<\/strong><\/li>\n\n\n\n<li class=\"\"><strong>Secret Michelada mix<\/strong><\/li>\n\n\n\n<li class=\"\"><strong>Taj\u00edn \/ chili powdered<\/strong><\/li>\n\n\n\n<li class=\"\"><strong>Chamoy<\/strong><\/li>\n\n\n\n<li class=\"\"><strong>Cups included<\/strong><\/li>\n\n\n\n<li class=\"\"><strong>Napkins straws<\/strong><\/li>\n\n\n\n<li class=\"\">C<strong>hoose two<\/strong><strong> <\/strong><strong>decorations from our list<\/strong><\/li>\n<\/ul>\n\n\n\n<div style=\"height:1px\" aria-hidden=\"true\" class=\"wp-block-spacer\"><\/div>\n\n\n\n<ul style=\"border-top-left-radius:10px;border-top-right-radius:10px;border-bottom-left-radius:10px;border-bottom-right-radius:10px\" class=\"nfd-gap-sm wp-block-list has-buttontext-color has-luminous-vivid-orange-background-color has-text-color has-background has-link-color wp-elements-cfc681f76784e4467e0a6af2c2e2b5d7\">\n<li class=\"\"><strong>Client must provid<\/strong><\/li>\n\n\n\n<li class=\"\"><strong>cerveza y hielo<\/strong><\/li>\n\n\n\n<li class=\"\"><strong>Vodka (si quieres Bloody Mary)<\/strong><\/li>\n<\/ul>\n\n\n\n<div style=\"height:1px\" aria-hidden=\"true\" class=\"wp-block-spacer\"><\/div>\n<\/div>\n\n\n\n<div style=\"height:100px\" aria-hidden=\"true\" class=\"wp-block-spacer\"><\/div>\n<\/div>\n\n\n\n<div class=\"nfd-container nfd-p-md nfd-wb-call-to-action__cta-21 is-style-nfd-dots-bottom-right wp-block-group is-layout-constrained wp-block-group-is-layout-constrained\">\n<div class=\"nfd-p-card-md nfd-gap-xl nfd-shadow-xs  nfd-rounded is-style-nfd-theme-white wp-block-group is-content-justification-space-between is-layout-flex wp-container-core-group-is-layout-9366075c wp-block-group-is-layout-flex\">\n<div class=\"nfd-gap-md wp-block-group is-layout-flex wp-block-group-is-layout-flex\">\n<figure class=\"is-style-rounded wp-block-image size-full is-resized\"><img data-recalc-dims=\"1\" loading=\"lazy\" decoding=\"async\" width=\"128\" height=\"128\" src=\"https:\/\/i0.wp.com\/reillymixentertainment.com\/wp-content\/uploads\/2022\/11\/dj-2.png?resize=128%2C128&#038;ssl=1\" alt=\"\" class=\"wp-image-47\" style=\"object-fit:cover;width:60px;height:60px\"\/><\/figure>\n\n\n\n<div class=\"nfd-gap-0 wp-block-group is-vertical is-layout-flex wp-container-core-group-is-layout-fe9cc265 wp-block-group-is-layout-flex\">\n<p class=\"nfd-text-md\" style=\"font-style:normal;font-weight:600\">Have additional inquiries?<\/p>\n\n\n\n<p class=\"nfd-text-base nfd-text-faded\">Call us for more information<\/p>\n<\/div>\n<\/div>\n\n\n\n<div class=\"wp-block-buttons is-layout-flex wp-block-buttons-is-layout-flex\">\n<div class=\"nfd-btn-wide  wp-block-button\"><a class=\"wp-block-button__link wp-element-button\" href=\"tel:12144316558\">CALL NOW<\/a><\/div>\n<\/div>\n<\/div>\n<\/div>","protected":false},"excerpt":{"rendered":"<p>MICHELADA BAR Bloody Marry Michelada bar or Bloody mary Bar Rental is ideal for a&hellip;<\/p>","protected":false},"author":1,"featured_media":0,"parent":0,"menu_order":0,"comment_status":"closed","ping_status":"closed","template":"page-builder-template","meta":{"nf_dc_page":"","_monsterinsights_skip_tracking":false,"_monsterinsights_sitenote_active":false,"_monsterinsights_sitenote_note":"","_monsterinsights_sitenote_category":0,"_vp_format_video_url":"","_vp_image_focal_point":[],"footnotes":""},"class_list":["post-4629","page","type-page","status-publish","hentry"],"featured_image":{"thumbnail":false,"medium":false,"medium_large":false,"large":false},"yoast_head":"<!-- This site is optimized with the Yoast SEO plugin v27.4 - https:\/\/yoast.com\/product\/yoast-seo-wordpress\/ -->\n<title>MICHELADA BAR  Bloody Marry - Reilly Mix Entertainment<\/title>\n<meta name=\"robots\" content=\"index, follow, max-snippet:-1, max-image-preview:large, max-video-preview:-1\" \/>\n<link rel=\"canonical\" href=\"https:\/\/reillymixentertainment.com\/es\/michelada-bar-bloody-marry\/\" \/>\n<meta property=\"og:locale\" content=\"es_MX\" \/>\n<meta property=\"og:type\" content=\"article\" \/>\n<meta property=\"og:title\" content=\"MICHELADA BAR  Bloody Marry - Reilly Mix Entertainment\" \/>\n<meta property=\"og:description\" content=\"MICHELADA BAR Bloody Marry Michelada bar or Bloody mary Bar Rental is ideal for a&hellip;\" \/>\n<meta property=\"og:url\" content=\"https:\/\/reillymixentertainment.com\/es\/michelada-bar-bloody-marry\/\" \/>\n<meta property=\"og:site_name\" content=\"Reilly Mix Entertainment\" \/>\n<meta property=\"article:modified_time\" content=\"2026-03-04T23:27:21+00:00\" \/>\n<meta property=\"og:image\" content=\"https:\/\/reillymixentertainment.com\/wp-content\/uploads\/2026\/02\/michelada.jpg\" \/>\n<meta name=\"twitter:card\" content=\"summary_large_image\" \/>\n<meta name=\"twitter:label1\" content=\"Tiempo de lectura\" \/>\n\t<meta name=\"twitter:data1\" content=\"2 minutos\" \/>\n<script type=\"application\/ld+json\" class=\"yoast-schema-graph\">{\"@context\":\"https:\\\/\\\/schema.org\",\"@graph\":[{\"@type\":\"WebPage\",\"@id\":\"https:\\\/\\\/reillymixentertainment.com\\\/michelada-bar-bloody-marry\\\/\",\"url\":\"https:\\\/\\\/reillymixentertainment.com\\\/michelada-bar-bloody-marry\\\/\",\"name\":\"MICHELADA BAR Bloody Marry - Reilly Mix Entertainment\",\"isPartOf\":{\"@id\":\"https:\\\/\\\/reillymixentertainment.com\\\/#website\"},\"primaryImageOfPage\":{\"@id\":\"https:\\\/\\\/reillymixentertainment.com\\\/michelada-bar-bloody-marry\\\/#primaryimage\"},\"image\":{\"@id\":\"https:\\\/\\\/reillymixentertainment.com\\\/michelada-bar-bloody-marry\\\/#primaryimage\"},\"thumbnailUrl\":\"https:\\\/\\\/reillymixentertainment.com\\\/wp-content\\\/uploads\\\/2026\\\/02\\\/michelada.jpg\",\"datePublished\":\"2026-03-04T22:42:11+00:00\",\"dateModified\":\"2026-03-04T23:27:21+00:00\",\"breadcrumb\":{\"@id\":\"https:\\\/\\\/reillymixentertainment.com\\\/michelada-bar-bloody-marry\\\/#breadcrumb\"},\"inLanguage\":\"es\",\"potentialAction\":[{\"@type\":\"ReadAction\",\"target\":[\"https:\\\/\\\/reillymixentertainment.com\\\/michelada-bar-bloody-marry\\\/\"]}]},{\"@type\":\"ImageObject\",\"inLanguage\":\"es\",\"@id\":\"https:\\\/\\\/reillymixentertainment.com\\\/michelada-bar-bloody-marry\\\/#primaryimage\",\"url\":\"https:\\\/\\\/reillymixentertainment.com\\\/wp-content\\\/uploads\\\/2026\\\/02\\\/michelada.jpg\",\"contentUrl\":\"https:\\\/\\\/reillymixentertainment.com\\\/wp-content\\\/uploads\\\/2026\\\/02\\\/michelada.jpg\"},{\"@type\":\"BreadcrumbList\",\"@id\":\"https:\\\/\\\/reillymixentertainment.com\\\/michelada-bar-bloody-marry\\\/#breadcrumb\",\"itemListElement\":[{\"@type\":\"ListItem\",\"position\":1,\"name\":\"Home\",\"item\":\"https:\\\/\\\/reillymixentertainment.com\\\/\"},{\"@type\":\"ListItem\",\"position\":2,\"name\":\"MICHELADA BAR Bloody Marry\"}]},{\"@type\":\"WebSite\",\"@id\":\"https:\\\/\\\/reillymixentertainment.com\\\/#website\",\"url\":\"https:\\\/\\\/reillymixentertainment.com\\\/\",\"name\":\"Reilly Mix Entertainment\",\"description\":\"Night Clubs | Social Events | Equipment Rental\",\"publisher\":{\"@id\":\"https:\\\/\\\/reillymixentertainment.com\\\/#\\\/schema\\\/person\\\/049c288476f27f6456ab583d8f501379\"},\"potentialAction\":[{\"@type\":\"SearchAction\",\"target\":{\"@type\":\"EntryPoint\",\"urlTemplate\":\"https:\\\/\\\/reillymixentertainment.com\\\/?s={search_term_string}\"},\"query-input\":{\"@type\":\"PropertyValueSpecification\",\"valueRequired\":true,\"valueName\":\"search_term_string\"}}],\"inLanguage\":\"es\"},{\"@type\":[\"Person\",\"Organization\"],\"@id\":\"https:\\\/\\\/reillymixentertainment.com\\\/#\\\/schema\\\/person\\\/049c288476f27f6456ab583d8f501379\",\"name\":\"reillymixentertainment\",\"image\":{\"@type\":\"ImageObject\",\"inLanguage\":\"es\",\"@id\":\"https:\\\/\\\/i0.wp.com\\\/reillymixentertainment.com\\\/wp-content\\\/uploads\\\/2022\\\/10\\\/LOGO-WEB.png?fit=768%2C450&ssl=1\",\"url\":\"https:\\\/\\\/i0.wp.com\\\/reillymixentertainment.com\\\/wp-content\\\/uploads\\\/2022\\\/10\\\/LOGO-WEB.png?fit=768%2C450&ssl=1\",\"contentUrl\":\"https:\\\/\\\/i0.wp.com\\\/reillymixentertainment.com\\\/wp-content\\\/uploads\\\/2022\\\/10\\\/LOGO-WEB.png?fit=768%2C450&ssl=1\",\"width\":768,\"height\":450,\"caption\":\"reillymixentertainment\"},\"logo\":{\"@id\":\"https:\\\/\\\/i0.wp.com\\\/reillymixentertainment.com\\\/wp-content\\\/uploads\\\/2022\\\/10\\\/LOGO-WEB.png?fit=768%2C450&ssl=1\"}}]}<\/script>\n<!-- \/ Yoast SEO plugin. -->","yoast_head_json":{"title":"MICHELADA BAR  Bloody Marry - Reilly Mix Entertainment","robots":{"index":"index","follow":"follow","max-snippet":"max-snippet:-1","max-image-preview":"max-image-preview:large","max-video-preview":"max-video-preview:-1"},"canonical":"https:\/\/reillymixentertainment.com\/es\/michelada-bar-bloody-marry\/","og_locale":"es_MX","og_type":"article","og_title":"MICHELADA BAR  Bloody Marry - Reilly Mix Entertainment","og_description":"MICHELADA BAR Bloody Marry Michelada bar or Bloody mary Bar Rental is ideal for a&hellip;","og_url":"https:\/\/reillymixentertainment.com\/es\/michelada-bar-bloody-marry\/","og_site_name":"Reilly Mix Entertainment","article_modified_time":"2026-03-04T23:27:21+00:00","og_image":[{"url":"https:\/\/reillymixentertainment.com\/wp-content\/uploads\/2026\/02\/michelada.jpg","type":"","width":"","height":""}],"twitter_card":"summary_large_image","twitter_misc":{"Tiempo de lectura":"2 minutos"},"schema":{"@context":"https:\/\/schema.org","@graph":[{"@type":"WebPage","@id":"https:\/\/reillymixentertainment.com\/michelada-bar-bloody-marry\/","url":"https:\/\/reillymixentertainment.com\/michelada-bar-bloody-marry\/","name":"MICHELADA BAR Bloody Marry - Reilly Mix Entertainment","isPartOf":{"@id":"https:\/\/reillymixentertainment.com\/#website"},"primaryImageOfPage":{"@id":"https:\/\/reillymixentertainment.com\/michelada-bar-bloody-marry\/#primaryimage"},"image":{"@id":"https:\/\/reillymixentertainment.com\/michelada-bar-bloody-marry\/#primaryimage"},"thumbnailUrl":"https:\/\/reillymixentertainment.com\/wp-content\/uploads\/2026\/02\/michelada.jpg","datePublished":"2026-03-04T22:42:11+00:00","dateModified":"2026-03-04T23:27:21+00:00","breadcrumb":{"@id":"https:\/\/reillymixentertainment.com\/michelada-bar-bloody-marry\/#breadcrumb"},"inLanguage":"es","potentialAction":[{"@type":"ReadAction","target":["https:\/\/reillymixentertainment.com\/michelada-bar-bloody-marry\/"]}]},{"@type":"ImageObject","inLanguage":"es","@id":"https:\/\/reillymixentertainment.com\/michelada-bar-bloody-marry\/#primaryimage","url":"https:\/\/reillymixentertainment.com\/wp-content\/uploads\/2026\/02\/michelada.jpg","contentUrl":"https:\/\/reillymixentertainment.com\/wp-content\/uploads\/2026\/02\/michelada.jpg"},{"@type":"BreadcrumbList","@id":"https:\/\/reillymixentertainment.com\/michelada-bar-bloody-marry\/#breadcrumb","itemListElement":[{"@type":"ListItem","position":1,"name":"Home","item":"https:\/\/reillymixentertainment.com\/"},{"@type":"ListItem","position":2,"name":"MICHELADA BAR Bloody Marry"}]},{"@type":"WebSite","@id":"https:\/\/reillymixentertainment.com\/#website","url":"https:\/\/reillymixentertainment.com\/","name":"Reilly Mix Entertainment","description":"Night Clubs | Social Events | Equipment Rental","publisher":{"@id":"https:\/\/reillymixentertainment.com\/#\/schema\/person\/049c288476f27f6456ab583d8f501379"},"potentialAction":[{"@type":"SearchAction","target":{"@type":"EntryPoint","urlTemplate":"https:\/\/reillymixentertainment.com\/?s={search_term_string}"},"query-input":{"@type":"PropertyValueSpecification","valueRequired":true,"valueName":"search_term_string"}}],"inLanguage":"es"},{"@type":["Person","Organization"],"@id":"https:\/\/reillymixentertainment.com\/#\/schema\/person\/049c288476f27f6456ab583d8f501379","name":"reillymixentertainment","image":{"@type":"ImageObject","inLanguage":"es","@id":"https:\/\/i0.wp.com\/reillymixentertainment.com\/wp-content\/uploads\/2022\/10\/LOGO-WEB.png?fit=768%2C450&ssl=1","url":"https:\/\/i0.wp.com\/reillymixentertainment.com\/wp-content\/uploads\/2022\/10\/LOGO-WEB.png?fit=768%2C450&ssl=1","contentUrl":"https:\/\/i0.wp.com\/reillymixentertainment.com\/wp-content\/uploads\/2022\/10\/LOGO-WEB.png?fit=768%2C450&ssl=1","width":768,"height":450,"caption":"reillymixentertainment"},"logo":{"@id":"https:\/\/i0.wp.com\/reillymixentertainment.com\/wp-content\/uploads\/2022\/10\/LOGO-WEB.png?fit=768%2C450&ssl=1"}}]}},"jetpack_sharing_enabled":true,"_links":{"self":[{"href":"https:\/\/reillymixentertainment.com\/es\/wp-json\/wp\/v2\/pages\/4629","targetHints":{"allow":["GET"]}}],"collection":[{"href":"https:\/\/reillymixentertainment.com\/es\/wp-json\/wp\/v2\/pages"}],"about":[{"href":"https:\/\/reillymixentertainment.com\/es\/wp-json\/wp\/v2\/types\/page"}],"author":[{"embeddable":true,"href":"https:\/\/reillymixentertainment.com\/es\/wp-json\/wp\/v2\/users\/1"}],"replies":[{"embeddable":true,"href":"https:\/\/reillymixentertainment.com\/es\/wp-json\/wp\/v2\/comments?post=4629"}],"version-history":[{"count":4,"href":"https:\/\/reillymixentertainment.com\/es\/wp-json\/wp\/v2\/pages\/4629\/revisions"}],"predecessor-version":[{"id":4648,"href":"https:\/\/reillymixentertainment.com\/es\/wp-json\/wp\/v2\/pages\/4629\/revisions\/4648"}],"wp:attachment":[{"href":"https:\/\/reillymixentertainment.com\/es\/wp-json\/wp\/v2\/media?parent=4629"}],"curies":[{"name":"wp","href":"https:\/\/api.w.org\/{rel}","templated":true}]}}