{"id":2074,"date":"2023-10-25T18:15:32","date_gmt":"2023-10-25T18:15:32","guid":{"rendered":"https:\/\/reillymixentertainment.com\/?page_id=2074"},"modified":"2023-11-17T19:00:52","modified_gmt":"2023-11-17T19:00:52","slug":"audio-guest-booth","status":"publish","type":"page","link":"https:\/\/reillymixentertainment.com\/es\/audio-guest-booth\/","title":{"rendered":"Audio Guest Booth"},"content":{"rendered":"<div class=\"wp-block-media-text alignfull is-stacked-on-mobile is-vertically-aligned-center\" style=\"grid-template-columns:48% auto\"><figure class=\"wp-block-media-text__media\"><img data-recalc-dims=\"1\" loading=\"lazy\" decoding=\"async\" width=\"1024\" height=\"1024\" src=\"https:\/\/i0.wp.com\/reillymixentertainment.com\/wp-content\/uploads\/2023\/10\/reilly-4.jpg?resize=1024%2C1024&#038;ssl=1\" alt=\"\" class=\"wp-image-2080 size-full\" srcset=\"https:\/\/i0.wp.com\/reillymixentertainment.com\/wp-content\/uploads\/2023\/10\/reilly-4.jpg?resize=1024%2C1024&amp;ssl=1 1024w, https:\/\/i0.wp.com\/reillymixentertainment.com\/wp-content\/uploads\/2023\/10\/reilly-4.jpg?resize=300%2C300&amp;ssl=1 300w, https:\/\/i0.wp.com\/reillymixentertainment.com\/wp-content\/uploads\/2023\/10\/reilly-4.jpg?resize=150%2C150&amp;ssl=1 150w, https:\/\/i0.wp.com\/reillymixentertainment.com\/wp-content\/uploads\/2023\/10\/reilly-4.jpg?resize=768%2C768&amp;ssl=1 768w, https:\/\/i0.wp.com\/reillymixentertainment.com\/wp-content\/uploads\/2023\/10\/reilly-4.jpg?resize=12%2C12&amp;ssl=1 12w, https:\/\/i0.wp.com\/reillymixentertainment.com\/wp-content\/uploads\/2023\/10\/reilly-4.jpg?resize=500%2C500&amp;ssl=1 500w, https:\/\/i0.wp.com\/reillymixentertainment.com\/wp-content\/uploads\/2023\/10\/reilly-4.jpg?resize=800%2C800&amp;ssl=1 800w, https:\/\/i0.wp.com\/reillymixentertainment.com\/wp-content\/uploads\/2023\/10\/reilly-4.jpg?w=1080&amp;ssl=1 1080w\" sizes=\"auto, (max-width: 1000px) 100vw, 1000px\" \/><\/figure><div class=\"wp-block-media-text__content\">\n<p class=\"\"><\/p>\n\n\n\n<h3 class=\"wp-block-heading has-text-align-center has-text-color\" id=\"h-premium-package-1\" style=\"color:#000000\">Paquete Premium #1<\/h3>\n\n\n\n<div class=\"wp-block-columns is-layout-flex wp-container-core-columns-is-layout-28f84493 wp-block-columns-is-layout-flex\">\n<div class=\"is-style-default wp-block-column is-layout-flow wp-container-core-column-is-layout-47e5a185 wp-block-column-is-layout-flow\">\n<div class=\"is-style-grigora-shadow-type-2 wp-block-group is-layout-flow wp-container-core-group-is-layout-47e5a185 wp-block-group-is-layout-flow\">\n<div class=\"is-style-default wp-block-group has-background-color has-button-background-color has-text-color has-background is-layout-flow wp-container-core-group-is-layout-51e9b52c wp-block-group-is-layout-flow\" style=\"padding-top:10px;padding-right:10px;padding-bottom:10px;padding-left:10px\">\n<h4 class=\"wp-block-heading has-text-align-center\" id=\"h-audio-guest-book-premium\">Audio Libro de Visitas Premium<\/h4>\n<\/div>\n\n\n\n<div class=\"is-style-default wp-block-group is-layout-flow wp-container-core-group-is-layout-7c59a5b2 wp-block-group-is-layout-flow\" style=\"padding-top:20px;padding-right:20px;padding-bottom:0px;padding-left:20px\">\n<hr class=\"is-style-wide wp-block-separator has-text-color has-canvas-color has-alpha-channel-opacity has-canvas-background-color has-background\"\/>\n\n\n\n<h2 class=\"wp-block-heading\" id=\"h-premium-package-1-0\"><mark style=\"background-color:rgba(0, 0, 0, 0)\" class=\"has-inline-color has-primary-color\">Paquete Premium #1<\/mark><\/h2>\n\n\n\n<ul class=\"wp-block-list\">\n<li class=\"has-medium-font-size\">Vintage, blanco y dorado, tel\u00e9fono para invitados con audio<\/li>\n\n\n\n<li class=\"has-medium-font-size\">2 horas de servicio<\/li>\n\n\n\n<li class=\"has-medium-font-size\">mesa de c\u00f3ctel<\/li>\n\n\n\n<li class=\"has-medium-font-size\">Mantel blanco<\/li>\n\n\n\n<li class=\"has-medium-font-size\">Saludos personalizados<\/li>\n\n\n\n<li class=\"has-medium-font-size\">Grabaci\u00f3n ilimitada<\/li>\n\n\n\n<li class=\"has-medium-font-size\">Un asistente amigable<\/li>\n\n\n\n<li class=\"has-medium-font-size\">El tiempo de instalaci\u00f3n ser\u00e1 de una hora antes del tiempo establecido.<\/li>\n\n\n\n<li class=\"has-medium-font-size\">Memoria USB con todo el audio<\/li>\n<\/ul>\n<\/div>\n\n\n\n<div class=\"wp-block-group is-layout-flow wp-container-core-group-is-layout-e6fb0295 wp-block-group-is-layout-flow\" style=\"padding-top:20px;padding-right:20px;padding-bottom:20px;padding-left:20px\">\n<h3 class=\"wp-block-heading has-text-align-center\" id=\"h-for-any-type-of-event\">Para todo tipo de evento<\/h3>\n\n\n\n<div class=\"wp-block-buttons is-content-justification-center is-layout-flex wp-container-core-buttons-is-layout-a89b3969 wp-block-buttons-is-layout-flex\"><\/div>\n\n\n\n<div class=\"wp-block-jetpack-send-a-message\">\n<div class=\"wp-block-jetpack-whatsapp-button is-color-dark\"><a class=\"whatsapp-block__button\" href=\"https:\/\/api.whatsapp.com\/send?phone=12144316558&amp;text=Hi%2C%20I%20got%20your%20WhatsApp%20information%20from%20your%20website.\" style=\"background-color:#25D366;color:#fff\" target=\"_self\" rel=\"noopener noreferrer\">Chat en WhatsApp<\/a><\/div>\n<\/div>\n<\/div>\n<\/div>\n<\/div>\n<\/div>\n\n\n\n<div class=\"wp-block-buttons is-content-justification-right is-layout-flex wp-container-core-buttons-is-layout-d445cf74 wp-block-buttons-is-layout-flex\">\n<div class=\"wp-block-button\"><a class=\"wp-block-button__link wp-element-button\"><img data-recalc-dims=\"1\" loading=\"lazy\" decoding=\"async\" width=\"20\" height=\"20\" class=\"wp-image-1450\" style=\"width: 20px;\" src=\"https:\/\/i0.wp.com\/reillymixentertainment.com\/wp-content\/uploads\/2022\/12\/call_ic_icon.webp?resize=20%2C20&#038;ssl=1\" alt=\"\"> Llama o env\u00eda texto  +1 (214) 431-6558<\/a><\/div>\n<\/div>\n\n\n\n<div style=\"height:73px\" aria-hidden=\"true\" class=\"wp-block-spacer\"><\/div>\n<\/div><\/div>\n\n\n\n<div class=\"wp-block-media-text alignfull has-media-on-the-right is-stacked-on-mobile is-vertically-aligned-center\" style=\"grid-template-columns:auto 48%\"><div class=\"wp-block-media-text__content\">\n<p class=\"\"><\/p>\n\n\n\n<h3 class=\"wp-block-heading has-text-align-center has-text-color\" id=\"h-deluxe-package-2\" style=\"color:#000000\">Paquete de lujo #2<\/h3>\n\n\n\n<div class=\"wp-block-columns is-layout-flex wp-container-core-columns-is-layout-28f84493 wp-block-columns-is-layout-flex\">\n<div class=\"is-style-default wp-block-column is-layout-flow wp-container-core-column-is-layout-47e5a185 wp-block-column-is-layout-flow\">\n<div class=\"is-style-grigora-shadow-type-2 wp-block-group is-layout-flow wp-container-core-group-is-layout-47e5a185 wp-block-group-is-layout-flow\">\n<div class=\"is-style-default wp-block-group has-background-color has-button-background-color has-text-color has-background is-layout-flow wp-container-core-group-is-layout-51e9b52c wp-block-group-is-layout-flow\" style=\"padding-top:10px;padding-right:10px;padding-bottom:10px;padding-left:10px\">\n<h4 class=\"wp-block-heading has-text-align-center\" id=\"h-audio-guest-book-deluxe\">Libro de visitas con audio Deluxe<\/h4>\n<\/div>\n\n\n\n<div class=\"is-style-default wp-block-group is-layout-flow wp-container-core-group-is-layout-7c59a5b2 wp-block-group-is-layout-flow\" style=\"padding-top:20px;padding-right:20px;padding-bottom:0px;padding-left:20px\">\n<hr class=\"is-style-wide wp-block-separator has-text-color has-canvas-color has-alpha-channel-opacity has-canvas-background-color has-background\"\/>\n\n\n\n<h2 class=\"wp-block-heading\" id=\"h-deluxe-package-2-0\"><mark style=\"background-color:rgba(0, 0, 0, 0)\" class=\"has-inline-color has-primary-color\">Paquete de lujo #2<\/mark><\/h2>\n\n\n\n<ul class=\"wp-block-list\">\n<li class=\"\">Un asistente amigable<\/li>\n\n\n\n<li class=\"\">4 Horas de Servicio<\/li>\n\n\n\n<li class=\"\">Vintage, blanco y dorado, tel\u00e9fono para invitados con audio<\/li>\n\n\n\n<li class=\"\">Evento del todo el d\u00eda<\/li>\n\n\n\n<li class=\"\">Grabaci\u00f3n ilimitada<\/li>\n\n\n\n<li class=\"\">Cabina telef\u00f3nica estilo Londres<\/li>\n\n\n\n<li class=\"\">Decoraci\u00f3n floral en puerta y lateral (consulta por ideas y muestras personalizadas)<\/li>\n\n\n\n<li class=\"\">Configuraci\u00f3n anticipada<\/li>\n\n\n\n<li class=\"\">Despu\u00e9s de tu celebraci\u00f3n, tu audio se guardar\u00e1 en una memoria USB y personalizar\u00e1 el USB con tu imagen o nombre favorito.<\/li>\n<\/ul>\n<\/div>\n\n\n\n<div class=\"wp-block-group is-layout-flow wp-container-core-group-is-layout-e6fb0295 wp-block-group-is-layout-flow\" style=\"padding-top:20px;padding-right:20px;padding-bottom:20px;padding-left:20px\">\n<h3 class=\"wp-block-heading has-text-align-center\" id=\"h-for-any-type-of-event-0\">Para todo tipo de evento<\/h3>\n\n\n\n<div class=\"wp-block-buttons is-content-justification-center is-layout-flex wp-container-core-buttons-is-layout-a89b3969 wp-block-buttons-is-layout-flex\"><\/div>\n\n\n\n<div class=\"wp-block-jetpack-send-a-message\">\n<div class=\"wp-block-jetpack-whatsapp-button is-color-dark\"><a class=\"whatsapp-block__button\" href=\"https:\/\/api.whatsapp.com\/send?phone=12144316558&amp;text=Hi%2C%20I%20got%20your%20WhatsApp%20information%20from%20your%20website.\" style=\"background-color:#25D366;color:#fff\" target=\"_self\" rel=\"noopener noreferrer\">Chat en WhatsApp<\/a><\/div>\n<\/div>\n\n\n\n<p class=\"\"><strong>Ingrese al mundo de experiencias de eventos \u00fanicas con un libro de visitas en audio<\/strong>, una actividad y experiencia para hu\u00e9spedes innovadora y moderna. Sus seres queridos est\u00e1n invitados a dejarle mensajes de voz en un tel\u00e9fono antiguo, transformando sus c\u00e1lidos deseos y encantadoras an\u00e9cdotas en una cabina telef\u00f3nica de audio de valor incalculable.<\/p>\n<\/div>\n<\/div>\n<\/div>\n<\/div>\n\n\n\n<div class=\"wp-block-buttons is-content-justification-right is-layout-flex wp-container-core-buttons-is-layout-d445cf74 wp-block-buttons-is-layout-flex\">\n<div class=\"wp-block-button\"><a class=\"wp-block-button__link wp-element-button\"><img data-recalc-dims=\"1\" loading=\"lazy\" decoding=\"async\" width=\"20\" height=\"20\" class=\"wp-image-1450\" style=\"width: 20px;\" src=\"https:\/\/i0.wp.com\/reillymixentertainment.com\/wp-content\/uploads\/2022\/12\/call_ic_icon.webp?resize=20%2C20&#038;ssl=1\" alt=\"\"> Llama o env\u00eda texto  +1 (214) 431-6558<\/a><\/div>\n<\/div>\n\n\n\n<div style=\"height:73px\" aria-hidden=\"true\" class=\"wp-block-spacer\"><\/div>\n<\/div><figure class=\"wp-block-media-text__media\"><img data-recalc-dims=\"1\" loading=\"lazy\" decoding=\"async\" width=\"1024\" height=\"1024\" src=\"https:\/\/i0.wp.com\/reillymixentertainment.com\/wp-content\/uploads\/2023\/10\/reilly-3.jpg?resize=1024%2C1024&#038;ssl=1\" alt=\"\" class=\"wp-image-2082 size-full\" srcset=\"https:\/\/i0.wp.com\/reillymixentertainment.com\/wp-content\/uploads\/2023\/10\/reilly-3.jpg?resize=1024%2C1024&amp;ssl=1 1024w, https:\/\/i0.wp.com\/reillymixentertainment.com\/wp-content\/uploads\/2023\/10\/reilly-3.jpg?resize=300%2C300&amp;ssl=1 300w, https:\/\/i0.wp.com\/reillymixentertainment.com\/wp-content\/uploads\/2023\/10\/reilly-3.jpg?resize=150%2C150&amp;ssl=1 150w, https:\/\/i0.wp.com\/reillymixentertainment.com\/wp-content\/uploads\/2023\/10\/reilly-3.jpg?resize=768%2C768&amp;ssl=1 768w, https:\/\/i0.wp.com\/reillymixentertainment.com\/wp-content\/uploads\/2023\/10\/reilly-3.jpg?resize=12%2C12&amp;ssl=1 12w, https:\/\/i0.wp.com\/reillymixentertainment.com\/wp-content\/uploads\/2023\/10\/reilly-3.jpg?resize=500%2C500&amp;ssl=1 500w, https:\/\/i0.wp.com\/reillymixentertainment.com\/wp-content\/uploads\/2023\/10\/reilly-3.jpg?resize=800%2C800&amp;ssl=1 800w, https:\/\/i0.wp.com\/reillymixentertainment.com\/wp-content\/uploads\/2023\/10\/reilly-3.jpg?w=1080&amp;ssl=1 1080w\" sizes=\"auto, (max-width: 1000px) 100vw, 1000px\" \/><\/figure><\/div>","protected":false},"excerpt":{"rendered":"","protected":false},"author":1,"featured_media":2082,"parent":0,"menu_order":0,"comment_status":"closed","ping_status":"closed","template":"page-builder-template","meta":{"nf_dc_page":"","_monsterinsights_skip_tracking":false,"_monsterinsights_sitenote_active":false,"_monsterinsights_sitenote_note":"","_monsterinsights_sitenote_category":0,"_vp_format_video_url":"","_vp_image_focal_point":[],"footnotes":""},"class_list":["post-2074","page","type-page","status-publish","has-post-thumbnail","hentry"],"featured_image":{"thumbnail":["https:\/\/i0.wp.com\/reillymixentertainment.com\/wp-content\/uploads\/2023\/10\/reilly-3.jpg?resize=150%2C150&ssl=1",150,150,true],"medium":["https:\/\/i0.wp.com\/reillymixentertainment.com\/wp-content\/uploads\/2023\/10\/reilly-3.jpg?fit=300%2C300&ssl=1",300,300,true],"medium_large":["https:\/\/i0.wp.com\/reillymixentertainment.com\/wp-content\/uploads\/2023\/10\/reilly-3.jpg?fit=768%2C768&ssl=1",768,768,true],"large":["https:\/\/i0.wp.com\/reillymixentertainment.com\/wp-content\/uploads\/2023\/10\/reilly-3.jpg?fit=1024%2C1024&ssl=1",1024,1024,true]},"yoast_head":"<!-- This site is optimized with the Yoast SEO plugin v27.4 - https:\/\/yoast.com\/product\/yoast-seo-wordpress\/ -->\n<title>Audio Guest Booth - Reilly Mix Entertainment<\/title>\n<meta name=\"robots\" content=\"index, follow, max-snippet:-1, max-image-preview:large, max-video-preview:-1\" \/>\n<link rel=\"canonical\" href=\"https:\/\/reillymixentertainment.com\/es\/audio-guest-booth\/\" \/>\n<meta property=\"og:locale\" content=\"es_MX\" \/>\n<meta property=\"og:type\" content=\"article\" \/>\n<meta property=\"og:title\" content=\"Audio Guest Booth - Reilly Mix Entertainment\" \/>\n<meta property=\"og:url\" content=\"https:\/\/reillymixentertainment.com\/es\/audio-guest-booth\/\" \/>\n<meta property=\"og:site_name\" content=\"Reilly Mix Entertainment\" \/>\n<meta property=\"article:modified_time\" content=\"2023-11-17T19:00:52+00:00\" \/>\n<meta property=\"og:image\" content=\"https:\/\/reillymixentertainment.com\/wp-content\/uploads\/2023\/10\/reilly-3.jpg\" \/>\n\t<meta property=\"og:image:width\" content=\"1080\" \/>\n\t<meta property=\"og:image:height\" content=\"1080\" \/>\n\t<meta property=\"og:image:type\" content=\"image\/jpeg\" \/>\n<meta name=\"twitter:card\" content=\"summary_large_image\" \/>\n<meta name=\"twitter:label1\" content=\"Tiempo de lectura\" \/>\n\t<meta name=\"twitter:data1\" content=\"2 minutos\" \/>\n<script type=\"application\/ld+json\" class=\"yoast-schema-graph\">{\"@context\":\"https:\\\/\\\/schema.org\",\"@graph\":[{\"@type\":\"WebPage\",\"@id\":\"https:\\\/\\\/reillymixentertainment.com\\\/audio-guest-booth\\\/\",\"url\":\"https:\\\/\\\/reillymixentertainment.com\\\/audio-guest-booth\\\/\",\"name\":\"Audio Guest Booth - Reilly Mix Entertainment\",\"isPartOf\":{\"@id\":\"https:\\\/\\\/reillymixentertainment.com\\\/#website\"},\"primaryImageOfPage\":{\"@id\":\"https:\\\/\\\/reillymixentertainment.com\\\/audio-guest-booth\\\/#primaryimage\"},\"image\":{\"@id\":\"https:\\\/\\\/reillymixentertainment.com\\\/audio-guest-booth\\\/#primaryimage\"},\"thumbnailUrl\":\"https:\\\/\\\/i0.wp.com\\\/reillymixentertainment.com\\\/wp-content\\\/uploads\\\/2023\\\/10\\\/reilly-3.jpg?fit=1080%2C1080&ssl=1\",\"datePublished\":\"2023-10-25T18:15:32+00:00\",\"dateModified\":\"2023-11-17T19:00:52+00:00\",\"breadcrumb\":{\"@id\":\"https:\\\/\\\/reillymixentertainment.com\\\/audio-guest-booth\\\/#breadcrumb\"},\"inLanguage\":\"es\",\"potentialAction\":[{\"@type\":\"ReadAction\",\"target\":[\"https:\\\/\\\/reillymixentertainment.com\\\/audio-guest-booth\\\/\"]}]},{\"@type\":\"ImageObject\",\"inLanguage\":\"es\",\"@id\":\"https:\\\/\\\/reillymixentertainment.com\\\/audio-guest-booth\\\/#primaryimage\",\"url\":\"https:\\\/\\\/i0.wp.com\\\/reillymixentertainment.com\\\/wp-content\\\/uploads\\\/2023\\\/10\\\/reilly-3.jpg?fit=1080%2C1080&ssl=1\",\"contentUrl\":\"https:\\\/\\\/i0.wp.com\\\/reillymixentertainment.com\\\/wp-content\\\/uploads\\\/2023\\\/10\\\/reilly-3.jpg?fit=1080%2C1080&ssl=1\",\"width\":1080,\"height\":1080},{\"@type\":\"BreadcrumbList\",\"@id\":\"https:\\\/\\\/reillymixentertainment.com\\\/audio-guest-booth\\\/#breadcrumb\",\"itemListElement\":[{\"@type\":\"ListItem\",\"position\":1,\"name\":\"Home\",\"item\":\"https:\\\/\\\/reillymixentertainment.com\\\/\"},{\"@type\":\"ListItem\",\"position\":2,\"name\":\"Audio Guest Booth\"}]},{\"@type\":\"WebSite\",\"@id\":\"https:\\\/\\\/reillymixentertainment.com\\\/#website\",\"url\":\"https:\\\/\\\/reillymixentertainment.com\\\/\",\"name\":\"Reilly Mix Entertainment\",\"description\":\"Night Clubs | Social Events | Equipment Rental\",\"publisher\":{\"@id\":\"https:\\\/\\\/reillymixentertainment.com\\\/#\\\/schema\\\/person\\\/049c288476f27f6456ab583d8f501379\"},\"potentialAction\":[{\"@type\":\"SearchAction\",\"target\":{\"@type\":\"EntryPoint\",\"urlTemplate\":\"https:\\\/\\\/reillymixentertainment.com\\\/?s={search_term_string}\"},\"query-input\":{\"@type\":\"PropertyValueSpecification\",\"valueRequired\":true,\"valueName\":\"search_term_string\"}}],\"inLanguage\":\"es\"},{\"@type\":[\"Person\",\"Organization\"],\"@id\":\"https:\\\/\\\/reillymixentertainment.com\\\/#\\\/schema\\\/person\\\/049c288476f27f6456ab583d8f501379\",\"name\":\"reillymixentertainment\",\"image\":{\"@type\":\"ImageObject\",\"inLanguage\":\"es\",\"@id\":\"https:\\\/\\\/i0.wp.com\\\/reillymixentertainment.com\\\/wp-content\\\/uploads\\\/2022\\\/10\\\/LOGO-WEB.png?fit=768%2C450&ssl=1\",\"url\":\"https:\\\/\\\/i0.wp.com\\\/reillymixentertainment.com\\\/wp-content\\\/uploads\\\/2022\\\/10\\\/LOGO-WEB.png?fit=768%2C450&ssl=1\",\"contentUrl\":\"https:\\\/\\\/i0.wp.com\\\/reillymixentertainment.com\\\/wp-content\\\/uploads\\\/2022\\\/10\\\/LOGO-WEB.png?fit=768%2C450&ssl=1\",\"width\":768,\"height\":450,\"caption\":\"reillymixentertainment\"},\"logo\":{\"@id\":\"https:\\\/\\\/i0.wp.com\\\/reillymixentertainment.com\\\/wp-content\\\/uploads\\\/2022\\\/10\\\/LOGO-WEB.png?fit=768%2C450&ssl=1\"}}]}<\/script>\n<!-- \/ Yoast SEO plugin. -->","yoast_head_json":{"title":"Audio Guest Booth - Reilly Mix Entertainment","robots":{"index":"index","follow":"follow","max-snippet":"max-snippet:-1","max-image-preview":"max-image-preview:large","max-video-preview":"max-video-preview:-1"},"canonical":"https:\/\/reillymixentertainment.com\/es\/audio-guest-booth\/","og_locale":"es_MX","og_type":"article","og_title":"Audio Guest Booth - Reilly Mix Entertainment","og_url":"https:\/\/reillymixentertainment.com\/es\/audio-guest-booth\/","og_site_name":"Reilly Mix Entertainment","article_modified_time":"2023-11-17T19:00:52+00:00","og_image":[{"width":1080,"height":1080,"url":"https:\/\/reillymixentertainment.com\/wp-content\/uploads\/2023\/10\/reilly-3.jpg","type":"image\/jpeg"}],"twitter_card":"summary_large_image","twitter_misc":{"Tiempo de lectura":"2 minutos"},"schema":{"@context":"https:\/\/schema.org","@graph":[{"@type":"WebPage","@id":"https:\/\/reillymixentertainment.com\/audio-guest-booth\/","url":"https:\/\/reillymixentertainment.com\/audio-guest-booth\/","name":"Audio Guest Booth - Reilly Mix Entertainment","isPartOf":{"@id":"https:\/\/reillymixentertainment.com\/#website"},"primaryImageOfPage":{"@id":"https:\/\/reillymixentertainment.com\/audio-guest-booth\/#primaryimage"},"image":{"@id":"https:\/\/reillymixentertainment.com\/audio-guest-booth\/#primaryimage"},"thumbnailUrl":"https:\/\/i0.wp.com\/reillymixentertainment.com\/wp-content\/uploads\/2023\/10\/reilly-3.jpg?fit=1080%2C1080&ssl=1","datePublished":"2023-10-25T18:15:32+00:00","dateModified":"2023-11-17T19:00:52+00:00","breadcrumb":{"@id":"https:\/\/reillymixentertainment.com\/audio-guest-booth\/#breadcrumb"},"inLanguage":"es","potentialAction":[{"@type":"ReadAction","target":["https:\/\/reillymixentertainment.com\/audio-guest-booth\/"]}]},{"@type":"ImageObject","inLanguage":"es","@id":"https:\/\/reillymixentertainment.com\/audio-guest-booth\/#primaryimage","url":"https:\/\/i0.wp.com\/reillymixentertainment.com\/wp-content\/uploads\/2023\/10\/reilly-3.jpg?fit=1080%2C1080&ssl=1","contentUrl":"https:\/\/i0.wp.com\/reillymixentertainment.com\/wp-content\/uploads\/2023\/10\/reilly-3.jpg?fit=1080%2C1080&ssl=1","width":1080,"height":1080},{"@type":"BreadcrumbList","@id":"https:\/\/reillymixentertainment.com\/audio-guest-booth\/#breadcrumb","itemListElement":[{"@type":"ListItem","position":1,"name":"Home","item":"https:\/\/reillymixentertainment.com\/"},{"@type":"ListItem","position":2,"name":"Audio Guest Booth"}]},{"@type":"WebSite","@id":"https:\/\/reillymixentertainment.com\/#website","url":"https:\/\/reillymixentertainment.com\/","name":"Reilly Mix Entertainment","description":"Night Clubs | Social Events | Equipment Rental","publisher":{"@id":"https:\/\/reillymixentertainment.com\/#\/schema\/person\/049c288476f27f6456ab583d8f501379"},"potentialAction":[{"@type":"SearchAction","target":{"@type":"EntryPoint","urlTemplate":"https:\/\/reillymixentertainment.com\/?s={search_term_string}"},"query-input":{"@type":"PropertyValueSpecification","valueRequired":true,"valueName":"search_term_string"}}],"inLanguage":"es"},{"@type":["Person","Organization"],"@id":"https:\/\/reillymixentertainment.com\/#\/schema\/person\/049c288476f27f6456ab583d8f501379","name":"reillymixentertainment","image":{"@type":"ImageObject","inLanguage":"es","@id":"https:\/\/i0.wp.com\/reillymixentertainment.com\/wp-content\/uploads\/2022\/10\/LOGO-WEB.png?fit=768%2C450&ssl=1","url":"https:\/\/i0.wp.com\/reillymixentertainment.com\/wp-content\/uploads\/2022\/10\/LOGO-WEB.png?fit=768%2C450&ssl=1","contentUrl":"https:\/\/i0.wp.com\/reillymixentertainment.com\/wp-content\/uploads\/2022\/10\/LOGO-WEB.png?fit=768%2C450&ssl=1","width":768,"height":450,"caption":"reillymixentertainment"},"logo":{"@id":"https:\/\/i0.wp.com\/reillymixentertainment.com\/wp-content\/uploads\/2022\/10\/LOGO-WEB.png?fit=768%2C450&ssl=1"}}]}},"jetpack_sharing_enabled":true,"_links":{"self":[{"href":"https:\/\/reillymixentertainment.com\/es\/wp-json\/wp\/v2\/pages\/2074","targetHints":{"allow":["GET"]}}],"collection":[{"href":"https:\/\/reillymixentertainment.com\/es\/wp-json\/wp\/v2\/pages"}],"about":[{"href":"https:\/\/reillymixentertainment.com\/es\/wp-json\/wp\/v2\/types\/page"}],"author":[{"embeddable":true,"href":"https:\/\/reillymixentertainment.com\/es\/wp-json\/wp\/v2\/users\/1"}],"replies":[{"embeddable":true,"href":"https:\/\/reillymixentertainment.com\/es\/wp-json\/wp\/v2\/comments?post=2074"}],"version-history":[{"count":5,"href":"https:\/\/reillymixentertainment.com\/es\/wp-json\/wp\/v2\/pages\/2074\/revisions"}],"predecessor-version":[{"id":2117,"href":"https:\/\/reillymixentertainment.com\/es\/wp-json\/wp\/v2\/pages\/2074\/revisions\/2117"}],"wp:featuredmedia":[{"embeddable":true,"href":"https:\/\/reillymixentertainment.com\/es\/wp-json\/wp\/v2\/media\/2082"}],"wp:attachment":[{"href":"https:\/\/reillymixentertainment.com\/es\/wp-json\/wp\/v2\/media?parent=2074"}],"curies":[{"name":"wp","href":"https:\/\/api.w.org\/{rel}","templated":true}]}}