{"id":1715,"date":"2023-01-30T04:04:24","date_gmt":"2023-01-30T04:04:24","guid":{"rendered":"https:\/\/reillymixentertainment.com\/?page_id=1715"},"modified":"2024-04-30T21:48:25","modified_gmt":"2024-04-30T21:48:25","slug":"elote-mix","status":"publish","type":"page","link":"https:\/\/reillymixentertainment.com\/es\/snack-carts\/elote-mix\/","title":{"rendered":"Elote Mix"},"content":{"rendered":"<div class=\"wp-block-group alignfull has-primary-background-color has-background is-layout-constrained wp-container-core-group-is-layout-03400762 wp-block-group-is-layout-constrained\" style=\"margin-top:0;margin-bottom:0;padding-top:0%;padding-right:0%;padding-bottom:0%;padding-left:0%\">\n<div class=\"wp-block-group alignwide is-layout-flow wp-block-group-is-layout-flow\">\n<div style=\"height:13px\" aria-hidden=\"true\" class=\"wp-block-spacer\"><\/div>\n\n\n\n<div class=\"wp-block-grigora-kit-group wp-block-group grigora-kit-group-wrapper block-id-group-1681251619173 has-custom-background\"><div class=\"background-color\"><\/div><div class=\"inner-content\">\n<div class=\"wp-block-columns has-primary-background-color has-background is-layout-flex wp-container-core-columns-is-layout-d7d455e7 wp-block-columns-is-layout-flex\" style=\"padding-top:0;padding-right:0;padding-bottom:0;padding-left:0\">\n<div class=\"wp-block-column is-layout-flow wp-block-column-is-layout-flow\" style=\"padding-top:0px;padding-right:0px;padding-bottom:0px;padding-left:0px\">\n<div class=\"wp-block-grigora-kit-group wp-block-group grigora-kit-group-wrapper block-id-group-1681251619145 has-custom-background\"><ul class=\"grigora-group-slideshow\"><li><span><\/span><\/li><li><span><\/span><\/li><li><span><\/span><\/li><li><span><\/span><\/li><li><span><\/span><\/li><\/ul><div class=\"inner-content\"><\/div><\/div>\n\n\n\n<p class=\"has-text-align-center has-background-color has-text-color\">Ofrecemos una variedad de tres servicios diferentes en un autom\u00f3vil al mismo tiempo si lo desea<\/p>\n<\/div>\n\n\n\n<div class=\"wp-block-column has-primary-background-color has-background is-layout-flow wp-block-column-is-layout-flow\" style=\"padding-top:0px;padding-right:0px;padding-bottom:0px;padding-left:0px\">\n<div class=\"wp-block-grigora-kit-group wp-block-group grigora-kit-group-wrapper block-id-group-1681251619164 has-custom-background\"><div class=\"background-color\"><\/div><div class=\"background-overlay\"><\/div><div class=\"inner-content\">\n<h2 class=\"margin-top-0 wp-block-heading has-button-color has-text-color\" id=\"h-elote-mix-service-for-your-upcoming-event\" style=\"font-style:normal;font-weight:800\"><strong>Servicio de mix de elotes para tu pr\u00f3ximo evento<\/strong> <\/h2>\n\n\n\n<p class=\"has-extra-small-font-size\"><strong>Elote mix-Nachos-Tostilocos<\/strong><strong><\/strong><\/p>\n\n\n\n<p class=\"has-extra-small-font-size\">Todos los combos incluyen:<\/p>\n\n\n\n<p class=\"has-extra-small-font-size\" style=\"margin-top:0;margin-right:0;margin-bottom:0;margin-left:0;padding-top:0;padding-right:0;padding-bottom:0;padding-left:0\">* Un asistente amistoso<\/p>\n\n\n\n<p class=\"has-extra-small-font-size\" style=\"margin-top:0;margin-right:0;margin-bottom:0;margin-left:0\">* Aderezos, salsas y desechables<\/p>\n\n\n\n<p class=\"has-extra-small-font-size\" style=\"margin-top:0;margin-right:0;margin-bottom:0;margin-left:0\">* Crema agria, mayonesa, queso blanco, valentina, lima reci\u00e9n exprimida, mantequilla y nuestra mezcla especial de elote Salsa SUAVE y CALIENTE.<\/p>\n\n\n\n<p class=\"has-extra-small-font-size\" style=\"margin-top:0;margin-right:0;margin-bottom:0;margin-left:0\">* 4 ingredientes<\/p>\n\n\n\n<p class=\"has-extra-small-font-size\" style=\"margin-top:0;margin-right:0;margin-bottom:0;margin-left:0\">* Cheetos Flamin Hot, Doritos Nacho, Ruffle &amp; Takis Fuego Fritos Cheetos cheese y m\u00e1s<\/p>\n\n\n\n<p class=\"has-extra-small-font-size\" style=\"margin-top:0;margin-right:0;margin-bottom:0;margin-left:0\">* El precio incluye 25 millas de distancia de viaje al evento. Las millas adicionales se calcular\u00e1n seg\u00fan la ubicaci\u00f3n del evento.<\/p>\n\n\n\n<p class=\"has-extra-small-font-size\" style=\"margin-top:0;margin-right:0;margin-bottom:0;margin-left:0\">* Se cobra una tarifa por noche ($ 50) cuando brindamos servicio despu\u00e9s de las 9:00 p.m.<\/p>\n\n\n\n<div class=\"wp-block-grigora-kit-button grigora-kit-button-wrapper\"><a href=\"#\" target=\"\" rel=\"noopener\" class=\"button-link\"><div class=\"grigora-kit-button block-id-button-1681251619159\"><span identifier=\"content\"><img data-recalc-dims=\"1\" decoding=\"async\" src=\"https:\/\/i0.wp.com\/reillymixentertainment.com\/wp-content\/uploads\/2022\/12\/call_ic_icon.webp?ssl=1\" alt=\"\"> Llama o env\u00eda texto  +1 (214) 431-6558<\/span><\/div><\/a><\/div>\n<\/div><\/div>\n<\/div>\n<\/div>\n<\/div><\/div>\n\n\n\n<div class=\"wp-block-jetpack-send-a-message\">\n<div class=\"wp-block-jetpack-whatsapp-button aligncenter is-color-dark\"><a class=\"whatsapp-block__button\" href=\"https:\/\/api.whatsapp.com\/send?phone=12144316558&amp;text=Hello%20Reilly%20Mix%20Entertainment%2C%20I%20would%20like%20to%20know%20the%20prices%20of%20the%20Carrito%20de%20elotes.%0A----------------------------------------%0AHola%20Reilly%20Mix%20Entertainment%2C%20me%20gustar%C3%ADa%20conocer%20%20los%20precios%20del%20carrito%20de%20elotes.\" style=\"background-color:#25D366;color:#fff\" target=\"_self\" rel=\"noopener noreferrer\">Chat en WhatsApp<\/a><\/div>\n<\/div>\n\n\n\n<div style=\"height:17px\" aria-hidden=\"true\" class=\"wp-block-spacer\"><\/div>\n<\/div>\n<\/div>\n\n\n\n<div class=\"wp-block-group alignfull has-background-background-color has-background is-layout-constrained wp-container-core-group-is-layout-ee20f4d3 wp-block-group-is-layout-constrained\" style=\"margin-top:0;margin-bottom:0;padding-top:3%;padding-right:3%;padding-bottom:3%;padding-left:3%\"><div class=\"yoast-breadcrumbs\"><span><span><a href=\"https:\/\/reillymixentertainment.com\/es\/\">Home<\/a><\/span> &raquo; <span><a href=\"https:\/\/reillymixentertainment.com\/es\/snack-carts\/\">Event Rental for social event SNACK CARTS Corn Car carrito de elotes Dallas Texas<\/a><\/span> &raquo; <span class=\"breadcrumb_last\" aria-current=\"page\">Elote Mix<\/span><\/span><\/div>\n\n\n<div class=\"wp-block-group alignwide is-layout-flow wp-block-group-is-layout-flow\">\n<div style=\"height:24px\" aria-hidden=\"true\" class=\"wp-block-spacer\"><\/div>\n\n\n\n<figure class=\"wp-embed-aspect-4-3 wp-has-aspect-ratio wp-block-embed is-type-video is-provider-youtube wp-block-embed-youtube\"><div class=\"wp-block-embed__wrapper\">\n<iframe loading=\"lazy\" title=\"Elote Mix\" width=\"500\" height=\"375\" src=\"https:\/\/www.youtube.com\/embed\/MbFjsQS6h4s?feature=oembed\" frameborder=\"0\" allow=\"accelerometer; autoplay; clipboard-write; encrypted-media; gyroscope; picture-in-picture; web-share\" referrerpolicy=\"strict-origin-when-cross-origin\" allowfullscreen><\/iframe>\n<\/div><\/figure>\n\n\n\n<h1 class=\"wp-block-heading has-text-align-center has-text-color\" id=\"h-elote-mix-service-for-your-upcoming-event-0\" style=\"color:#e5713b;font-style:normal;font-weight:500\"><strong>Servicio de mix de elotes para tu pr\u00f3ximo evento<\/strong> <\/h1>\n\n\n\n<div class=\"wp-block-grigora-kit-group wp-block-group grigora-kit-group-wrapper block-id-group-1681251619236\"><div class=\"inner-content\">\n<div class=\"wp-block-columns are-vertically-aligned-center is-layout-flex wp-container-core-columns-is-layout-00723822 wp-block-columns-is-layout-flex\">\n<div class=\"wp-block-column is-vertically-aligned-center is-layout-constrained wp-container-core-column-is-layout-b261716b wp-block-column-is-layout-constrained\">\n<div class=\"wp-block-grigora-kit-group wp-block-group grigora-kit-group-wrapper block-id-group-1681251619194 animateOnce has-entrance-animation\"><div class=\"inner-content\">\n<div class=\"wp-block-grigora-kit-group wp-block-group grigora-kit-group-wrapper block-id-group-1681251619184 has-custom-background\"><ul class=\"grigora-group-slideshow\"><li><span><\/span><\/li><\/ul><div class=\"inner-content\"><\/div><\/div>\n\n\n\n<h4 class=\"wp-block-heading has-text-align-center has-text-color\" id=\"h-combo-1\" style=\"color:#e5713b;font-style:normal;font-weight:500\"><strong>COMBO 1<\/strong><\/h4>\n\n\n\n<ul class=\"wp-block-list\">\n<li class=\"\">100 piezas de elotes<\/li>\n\n\n\n<li class=\"\">2 horas de servicio<\/li>\n\n\n\n<li class=\"\">1 servidor<\/li>\n\n\n\n<li class=\"\">agregar y extra<\/li>\n<\/ul>\n<\/div><\/div>\n<\/div>\n\n\n\n<div class=\"wp-block-column is-vertically-aligned-center is-layout-constrained wp-container-core-column-is-layout-b261716b wp-block-column-is-layout-constrained\">\n<div class=\"wp-block-grigora-kit-group wp-block-group grigora-kit-group-wrapper block-id-group-1681251619211 animateOnce has-entrance-animation\" data-animation-delay=\"50\"><div class=\"inner-content\">\n<div class=\"wp-block-grigora-kit-group wp-block-group grigora-kit-group-wrapper block-id-group-1681251619199 has-custom-background\"><ul class=\"grigora-group-slideshow\"><li><span><\/span><\/li><\/ul><div class=\"inner-content\"><\/div><\/div>\n\n\n\n<h4 class=\"wp-block-heading has-text-align-center has-text-color\" id=\"h-combo-2\" style=\"color:#e5713b;font-style:normal;font-weight:500\"><strong>COMBO 2<\/strong><\/h4>\n\n\n\n<ul class=\"wp-block-list\">\n<li class=\"\">150 piezas de Elotes<\/li>\n\n\n\n<li class=\"\">2 horas de servicio<\/li>\n\n\n\n<li class=\"\">1 servidor<\/li>\n\n\n\n<li class=\"\">agregar y extra<\/li>\n<\/ul>\n<\/div><\/div>\n<\/div>\n\n\n\n<div class=\"wp-block-column is-vertically-aligned-center is-layout-constrained wp-container-core-column-is-layout-b261716b wp-block-column-is-layout-constrained\">\n<div class=\"wp-block-grigora-kit-group wp-block-group grigora-kit-group-wrapper block-id-group-1681251619230 animateOnce has-entrance-animation\" data-animation-delay=\"100\"><div class=\"inner-content\">\n<p class=\"\"><a href=\"https:\/\/wpgrigora.com\/wp-admin\/edit.php?post_type=pattern\"><\/a><\/p>\n\n\n\n<div class=\"wp-block-grigora-kit-group wp-block-group grigora-kit-group-wrapper block-id-group-1681251619218 has-custom-background\"><ul class=\"grigora-group-slideshow\"><li><span><\/span><\/li><\/ul><div class=\"inner-content\"><\/div><\/div>\n\n\n\n<h4 class=\"wp-block-heading has-text-align-center has-text-color\" id=\"h-combo-3\" style=\"color:#e5713b;font-style:normal;font-weight:500\"><strong>COMBO 3<\/strong><\/h4>\n\n\n\n<ul class=\"wp-block-list\">\n<li class=\"\">200 piezas de elotes<\/li>\n\n\n\n<li class=\"\">2 horas y media. de servicio.<\/li>\n\n\n\n<li class=\"\">2 servidores<\/li>\n\n\n\n<li class=\"\">agregar y extra<\/li>\n<\/ul>\n<\/div><\/div>\n<\/div>\n<\/div>\n<\/div><\/div>\n\n\n\n<div class=\"wp-block-grigora-kit-group wp-block-group grigora-kit-group-wrapper block-id-group-1681251619359\"><div class=\"inner-content\">\n<div class=\"wp-block-columns are-vertically-aligned-center is-layout-flex wp-container-core-columns-is-layout-00723822 wp-block-columns-is-layout-flex\">\n<div class=\"wp-block-column is-vertically-aligned-center is-layout-constrained wp-container-core-column-is-layout-b261716b wp-block-column-is-layout-constrained\">\n<div class=\"wp-block-grigora-kit-group wp-block-group grigora-kit-group-wrapper block-id-group-1681251619271 animateOnce has-entrance-animation\"><div class=\"inner-content\">\n<div class=\"wp-block-grigora-kit-group wp-block-group grigora-kit-group-wrapper block-id-group-1681251619252 has-custom-background\"><ul class=\"grigora-group-slideshow\"><li><span><\/span><\/li><\/ul><div class=\"inner-content\"><\/div><\/div>\n\n\n\n<h4 class=\"wp-block-heading has-text-align-center has-text-color\" id=\"h-combo-4\" style=\"color:#e5713b;font-style:normal;font-weight:500\"><strong>COMBO 4<\/strong><\/h4>\n\n\n\n<ul class=\"wp-block-list\">\n<li class=\"\">300 piezas de Elotes<\/li>\n\n\n\n<li class=\"\"> 3 horas de servicio <\/li>\n\n\n\n<li class=\"\">2 servidores <\/li>\n\n\n\n<li class=\"\">agregar y extra<\/li>\n<\/ul>\n<\/div><\/div>\n<\/div>\n\n\n\n<div class=\"wp-block-column is-vertically-aligned-center is-layout-constrained wp-container-core-column-is-layout-b261716b wp-block-column-is-layout-constrained\">\n<div class=\"wp-block-grigora-kit-group wp-block-group grigora-kit-group-wrapper block-id-group-1681251619314 animateOnce has-entrance-animation\" data-animation-delay=\"50\"><div class=\"inner-content\">\n<div class=\"wp-block-grigora-kit-group wp-block-group grigora-kit-group-wrapper block-id-group-1681251619282 has-custom-background\"><ul class=\"grigora-group-slideshow\"><li><span><\/span><\/li><\/ul><div class=\"inner-content\"><\/div><\/div>\n\n\n\n<h4 class=\"wp-block-heading has-text-align-center has-text-color\" id=\"h-add-one-extras\" style=\"color:#e5713b;font-style:normal;font-weight:500\"><strong><strong>Add one \/ Extras<\/strong><\/strong><\/h4>\n\n\n\n<ul class=\"wp-block-list\">\n<li class=\"\">Tosti locos <\/li>\n\n\n\n<li class=\"\">nachos<\/li>\n\n\n\n<li class=\"\">lata de queso para nachos<\/li>\n\n\n\n<li class=\"\"> bolsa de papas <\/li>\n<\/ul>\n<\/div><\/div>\n<\/div>\n\n\n\n<div class=\"wp-block-column is-vertically-aligned-center is-layout-constrained wp-container-core-column-is-layout-b261716b wp-block-column-is-layout-constrained\">\n<div class=\"wp-block-grigora-kit-group wp-block-group grigora-kit-group-wrapper block-id-group-1681251619346 animateOnce has-entrance-animation\" data-animation-delay=\"100\"><div class=\"inner-content\">\n<div class=\"wp-block-grigora-kit-group wp-block-group grigora-kit-group-wrapper block-id-group-1681251619331 has-custom-background\"><ul class=\"grigora-group-slideshow\"><li><span><\/span><\/li><\/ul><div class=\"inner-content\"><\/div><\/div>\n\n\n\n<h4 class=\"wp-block-heading has-text-align-center has-text-color\" id=\"h-how-do-we-charge-our-service\" style=\"color:#e5713b;font-style:normal;font-weight:500\"><strong><strong>\u00bfC\u00f3mo cobramos nuestro servicio?<\/strong><\/strong><\/h4>\n\n\n\n<ul class=\"wp-block-list\">\n<li class=\"\">Compra la taza de ma\u00edz<\/li>\n\n\n\n<li class=\"\">Comprar bolsa de nachos<\/li>\n\n\n\n<li class=\"\">By the bag of tostilocos<\/li>\n<\/ul>\n<\/div><\/div>\n<\/div>\n<\/div>\n<\/div><\/div>\n\n\n\n<div style=\"height:40px\" aria-hidden=\"true\" class=\"wp-block-spacer\"><\/div>\n<\/div>\n<\/div>","protected":false},"excerpt":{"rendered":"<p>Servicio de mix de elotes para tu pr\u00f3ximo evento<\/p>","protected":false},"author":1,"featured_media":0,"parent":1290,"menu_order":0,"comment_status":"closed","ping_status":"closed","template":"page-builder-template","meta":{"nf_dc_page":"","_monsterinsights_skip_tracking":false,"_monsterinsights_sitenote_active":false,"_monsterinsights_sitenote_note":"","_monsterinsights_sitenote_category":0,"_vp_format_video_url":"","_vp_image_focal_point":[],"footnotes":""},"class_list":["post-1715","page","type-page","status-publish","hentry"],"featured_image":{"thumbnail":false,"medium":false,"medium_large":false,"large":false},"yoast_head":"<!-- This site is optimized with the Yoast SEO plugin v27.4 - https:\/\/yoast.com\/product\/yoast-seo-wordpress\/ -->\n<title>Elote Mix - Reilly Mix Entertainment<\/title>\n<meta name=\"description\" content=\"Elote mix service for your upcoming event There\u2019s some Elote cars out there, but not like the one we offer a variety of three different services on one car at the same time if desired. Tostilocos, Corn Car, Carrito de elote.\" \/>\n<meta name=\"robots\" content=\"index, follow, max-snippet:-1, max-image-preview:large, max-video-preview:-1\" \/>\n<link rel=\"canonical\" href=\"https:\/\/reillymixentertainment.com\/es\/snack-carts\/elote-mix\/\" \/>\n<meta property=\"og:locale\" content=\"es_MX\" \/>\n<meta property=\"og:type\" content=\"article\" \/>\n<meta property=\"og:title\" content=\"Elote Mix - Reilly Mix Entertainment\" \/>\n<meta property=\"og:description\" content=\"Elote mix service for your upcoming event There\u2019s some Elote cars out there, but not like the one we offer a variety of three different services on one car at the same time if desired. Tostilocos, Corn Car, Carrito de elote.\" \/>\n<meta property=\"og:url\" content=\"https:\/\/reillymixentertainment.com\/es\/snack-carts\/elote-mix\/\" \/>\n<meta property=\"og:site_name\" content=\"Reilly Mix Entertainment\" \/>\n<meta property=\"article:modified_time\" content=\"2024-04-30T21:48:25+00:00\" \/>\n<meta property=\"og:image\" content=\"https:\/\/reillymixentertainment.com\/wp-content\/uploads\/2022\/12\/call_ic_icon.webp\" \/>\n<meta name=\"twitter:card\" content=\"summary_large_image\" \/>\n<meta name=\"twitter:label1\" content=\"Tiempo de lectura\" \/>\n\t<meta name=\"twitter:data1\" content=\"2 minutos\" \/>\n<script type=\"application\/ld+json\" class=\"yoast-schema-graph\">{\"@context\":\"https:\\\/\\\/schema.org\",\"@graph\":[{\"@type\":\"WebPage\",\"@id\":\"https:\\\/\\\/reillymixentertainment.com\\\/snack-carts\\\/elote-mix\\\/\",\"url\":\"https:\\\/\\\/reillymixentertainment.com\\\/snack-carts\\\/elote-mix\\\/\",\"name\":\"Elote Mix - Reilly Mix Entertainment\",\"isPartOf\":{\"@id\":\"https:\\\/\\\/reillymixentertainment.com\\\/#website\"},\"primaryImageOfPage\":{\"@id\":\"https:\\\/\\\/reillymixentertainment.com\\\/snack-carts\\\/elote-mix\\\/#primaryimage\"},\"image\":{\"@id\":\"https:\\\/\\\/reillymixentertainment.com\\\/snack-carts\\\/elote-mix\\\/#primaryimage\"},\"thumbnailUrl\":\"https:\\\/\\\/reillymixentertainment.com\\\/wp-content\\\/uploads\\\/2022\\\/12\\\/call_ic_icon.webp\",\"datePublished\":\"2023-01-30T04:04:24+00:00\",\"dateModified\":\"2024-04-30T21:48:25+00:00\",\"description\":\"Elote mix service for your upcoming event There\u2019s some Elote cars out there, but not like the one we offer a variety of three different services on one car at the same time if desired. Tostilocos, Corn Car, Carrito de elote.\",\"breadcrumb\":{\"@id\":\"https:\\\/\\\/reillymixentertainment.com\\\/snack-carts\\\/elote-mix\\\/#breadcrumb\"},\"inLanguage\":\"es\",\"potentialAction\":[{\"@type\":\"ReadAction\",\"target\":[\"https:\\\/\\\/reillymixentertainment.com\\\/snack-carts\\\/elote-mix\\\/\"]}]},{\"@type\":\"ImageObject\",\"inLanguage\":\"es\",\"@id\":\"https:\\\/\\\/reillymixentertainment.com\\\/snack-carts\\\/elote-mix\\\/#primaryimage\",\"url\":\"https:\\\/\\\/reillymixentertainment.com\\\/wp-content\\\/uploads\\\/2022\\\/12\\\/call_ic_icon.webp\",\"contentUrl\":\"https:\\\/\\\/reillymixentertainment.com\\\/wp-content\\\/uploads\\\/2022\\\/12\\\/call_ic_icon.webp\"},{\"@type\":\"BreadcrumbList\",\"@id\":\"https:\\\/\\\/reillymixentertainment.com\\\/snack-carts\\\/elote-mix\\\/#breadcrumb\",\"itemListElement\":[{\"@type\":\"ListItem\",\"position\":1,\"name\":\"Home\",\"item\":\"https:\\\/\\\/reillymixentertainment.com\\\/\"},{\"@type\":\"ListItem\",\"position\":2,\"name\":\"Event Rental for social event SNACK CARTS Corn Car carrito de elotes Dallas Texas\",\"item\":\"https:\\\/\\\/reillymixentertainment.com\\\/snack-carts\\\/\"},{\"@type\":\"ListItem\",\"position\":3,\"name\":\"Elote Mix\"}]},{\"@type\":\"WebSite\",\"@id\":\"https:\\\/\\\/reillymixentertainment.com\\\/#website\",\"url\":\"https:\\\/\\\/reillymixentertainment.com\\\/\",\"name\":\"Reilly Mix Entertainment\",\"description\":\"Night Clubs | Social Events | Equipment Rental\",\"publisher\":{\"@id\":\"https:\\\/\\\/reillymixentertainment.com\\\/#\\\/schema\\\/person\\\/049c288476f27f6456ab583d8f501379\"},\"potentialAction\":[{\"@type\":\"SearchAction\",\"target\":{\"@type\":\"EntryPoint\",\"urlTemplate\":\"https:\\\/\\\/reillymixentertainment.com\\\/?s={search_term_string}\"},\"query-input\":{\"@type\":\"PropertyValueSpecification\",\"valueRequired\":true,\"valueName\":\"search_term_string\"}}],\"inLanguage\":\"es\"},{\"@type\":[\"Person\",\"Organization\"],\"@id\":\"https:\\\/\\\/reillymixentertainment.com\\\/#\\\/schema\\\/person\\\/049c288476f27f6456ab583d8f501379\",\"name\":\"reillymixentertainment\",\"image\":{\"@type\":\"ImageObject\",\"inLanguage\":\"es\",\"@id\":\"https:\\\/\\\/i0.wp.com\\\/reillymixentertainment.com\\\/wp-content\\\/uploads\\\/2022\\\/10\\\/LOGO-WEB.png?fit=768%2C450&ssl=1\",\"url\":\"https:\\\/\\\/i0.wp.com\\\/reillymixentertainment.com\\\/wp-content\\\/uploads\\\/2022\\\/10\\\/LOGO-WEB.png?fit=768%2C450&ssl=1\",\"contentUrl\":\"https:\\\/\\\/i0.wp.com\\\/reillymixentertainment.com\\\/wp-content\\\/uploads\\\/2022\\\/10\\\/LOGO-WEB.png?fit=768%2C450&ssl=1\",\"width\":768,\"height\":450,\"caption\":\"reillymixentertainment\"},\"logo\":{\"@id\":\"https:\\\/\\\/i0.wp.com\\\/reillymixentertainment.com\\\/wp-content\\\/uploads\\\/2022\\\/10\\\/LOGO-WEB.png?fit=768%2C450&ssl=1\"}}]}<\/script>\n<!-- \/ Yoast SEO plugin. -->","yoast_head_json":{"title":"Elote Mix - Reilly Mix Entertainment","description":"Elote mix service for your upcoming event There\u2019s some Elote cars out there, but not like the one we offer a variety of three different services on one car at the same time if desired. Tostilocos, Corn Car, Carrito de elote.","robots":{"index":"index","follow":"follow","max-snippet":"max-snippet:-1","max-image-preview":"max-image-preview:large","max-video-preview":"max-video-preview:-1"},"canonical":"https:\/\/reillymixentertainment.com\/es\/snack-carts\/elote-mix\/","og_locale":"es_MX","og_type":"article","og_title":"Elote Mix - Reilly Mix Entertainment","og_description":"Elote mix service for your upcoming event There\u2019s some Elote cars out there, but not like the one we offer a variety of three different services on one car at the same time if desired. Tostilocos, Corn Car, Carrito de elote.","og_url":"https:\/\/reillymixentertainment.com\/es\/snack-carts\/elote-mix\/","og_site_name":"Reilly Mix Entertainment","article_modified_time":"2024-04-30T21:48:25+00:00","og_image":[{"url":"https:\/\/reillymixentertainment.com\/wp-content\/uploads\/2022\/12\/call_ic_icon.webp","type":"","width":"","height":""}],"twitter_card":"summary_large_image","twitter_misc":{"Tiempo de lectura":"2 minutos"},"schema":{"@context":"https:\/\/schema.org","@graph":[{"@type":"WebPage","@id":"https:\/\/reillymixentertainment.com\/snack-carts\/elote-mix\/","url":"https:\/\/reillymixentertainment.com\/snack-carts\/elote-mix\/","name":"Elote Mix - Reilly Mix Entertainment","isPartOf":{"@id":"https:\/\/reillymixentertainment.com\/#website"},"primaryImageOfPage":{"@id":"https:\/\/reillymixentertainment.com\/snack-carts\/elote-mix\/#primaryimage"},"image":{"@id":"https:\/\/reillymixentertainment.com\/snack-carts\/elote-mix\/#primaryimage"},"thumbnailUrl":"https:\/\/reillymixentertainment.com\/wp-content\/uploads\/2022\/12\/call_ic_icon.webp","datePublished":"2023-01-30T04:04:24+00:00","dateModified":"2024-04-30T21:48:25+00:00","description":"Elote mix service for your upcoming event There\u2019s some Elote cars out there, but not like the one we offer a variety of three different services on one car at the same time if desired. Tostilocos, Corn Car, Carrito de elote.","breadcrumb":{"@id":"https:\/\/reillymixentertainment.com\/snack-carts\/elote-mix\/#breadcrumb"},"inLanguage":"es","potentialAction":[{"@type":"ReadAction","target":["https:\/\/reillymixentertainment.com\/snack-carts\/elote-mix\/"]}]},{"@type":"ImageObject","inLanguage":"es","@id":"https:\/\/reillymixentertainment.com\/snack-carts\/elote-mix\/#primaryimage","url":"https:\/\/reillymixentertainment.com\/wp-content\/uploads\/2022\/12\/call_ic_icon.webp","contentUrl":"https:\/\/reillymixentertainment.com\/wp-content\/uploads\/2022\/12\/call_ic_icon.webp"},{"@type":"BreadcrumbList","@id":"https:\/\/reillymixentertainment.com\/snack-carts\/elote-mix\/#breadcrumb","itemListElement":[{"@type":"ListItem","position":1,"name":"Home","item":"https:\/\/reillymixentertainment.com\/"},{"@type":"ListItem","position":2,"name":"Event Rental for social event SNACK CARTS Corn Car carrito de elotes Dallas Texas","item":"https:\/\/reillymixentertainment.com\/snack-carts\/"},{"@type":"ListItem","position":3,"name":"Elote Mix"}]},{"@type":"WebSite","@id":"https:\/\/reillymixentertainment.com\/#website","url":"https:\/\/reillymixentertainment.com\/","name":"Reilly Mix Entertainment","description":"Night Clubs | Social Events | Equipment Rental","publisher":{"@id":"https:\/\/reillymixentertainment.com\/#\/schema\/person\/049c288476f27f6456ab583d8f501379"},"potentialAction":[{"@type":"SearchAction","target":{"@type":"EntryPoint","urlTemplate":"https:\/\/reillymixentertainment.com\/?s={search_term_string}"},"query-input":{"@type":"PropertyValueSpecification","valueRequired":true,"valueName":"search_term_string"}}],"inLanguage":"es"},{"@type":["Person","Organization"],"@id":"https:\/\/reillymixentertainment.com\/#\/schema\/person\/049c288476f27f6456ab583d8f501379","name":"reillymixentertainment","image":{"@type":"ImageObject","inLanguage":"es","@id":"https:\/\/i0.wp.com\/reillymixentertainment.com\/wp-content\/uploads\/2022\/10\/LOGO-WEB.png?fit=768%2C450&ssl=1","url":"https:\/\/i0.wp.com\/reillymixentertainment.com\/wp-content\/uploads\/2022\/10\/LOGO-WEB.png?fit=768%2C450&ssl=1","contentUrl":"https:\/\/i0.wp.com\/reillymixentertainment.com\/wp-content\/uploads\/2022\/10\/LOGO-WEB.png?fit=768%2C450&ssl=1","width":768,"height":450,"caption":"reillymixentertainment"},"logo":{"@id":"https:\/\/i0.wp.com\/reillymixentertainment.com\/wp-content\/uploads\/2022\/10\/LOGO-WEB.png?fit=768%2C450&ssl=1"}}]}},"jetpack_sharing_enabled":true,"_links":{"self":[{"href":"https:\/\/reillymixentertainment.com\/es\/wp-json\/wp\/v2\/pages\/1715","targetHints":{"allow":["GET"]}}],"collection":[{"href":"https:\/\/reillymixentertainment.com\/es\/wp-json\/wp\/v2\/pages"}],"about":[{"href":"https:\/\/reillymixentertainment.com\/es\/wp-json\/wp\/v2\/types\/page"}],"author":[{"embeddable":true,"href":"https:\/\/reillymixentertainment.com\/es\/wp-json\/wp\/v2\/users\/1"}],"replies":[{"embeddable":true,"href":"https:\/\/reillymixentertainment.com\/es\/wp-json\/wp\/v2\/comments?post=1715"}],"version-history":[{"count":4,"href":"https:\/\/reillymixentertainment.com\/es\/wp-json\/wp\/v2\/pages\/1715\/revisions"}],"predecessor-version":[{"id":2203,"href":"https:\/\/reillymixentertainment.com\/es\/wp-json\/wp\/v2\/pages\/1715\/revisions\/2203"}],"up":[{"embeddable":true,"href":"https:\/\/reillymixentertainment.com\/es\/wp-json\/wp\/v2\/pages\/1290"}],"wp:attachment":[{"href":"https:\/\/reillymixentertainment.com\/es\/wp-json\/wp\/v2\/media?parent=1715"}],"curies":[{"name":"wp","href":"https:\/\/api.w.org\/{rel}","templated":true}]}}